{"id":979,"date":"2020-09-21T16:19:40","date_gmt":"2020-09-21T16:19:40","guid":{"rendered":"https:\/\/www.beaverpaper.com\/?page_id=979"},"modified":"2025-02-17T17:36:39","modified_gmt":"2025-02-17T17:36:39","slug":"careers-2","status":"publish","type":"page","link":"https:\/\/www.beaverpaper.com\/es\/careers-2\/","title":{"rendered":"Carreras"},"content":{"rendered":"<img decoding=\"async\" data-src=\"https:\/\/www.beaverpaper.com\/wp-content\/uploads\/2020\/09\/Print-Lab-4_Resized_Recolored.jpg\" alt=\"\" src=\"data:image\/svg+xml;base64,PHN2ZyB3aWR0aD0iMSIgaGVpZ2h0PSIxIiB4bWxucz0iaHR0cDovL3d3dy53My5vcmcvMjAwMC9zdmciPjwvc3ZnPg==\" class=\"lazyload\" style=\"--smush-placeholder-width: 1067px; --smush-placeholder-aspect-ratio: 1067\/614;\" \/>\t\t\t\n\t\t\t\t<h1>Carreras<\/h1><p>\u00danase a la familia de Beaver Paper<\/p>\n\t\t\t\t<img decoding=\"async\" data-src=\"https:\/\/www.beaverpaper.com\/wp-content\/uploads\/2020\/09\/careers.jpg\" alt=\"carreras\" itemprop=\"image\" height=\"360\" width=\"555\" title=\"carreras\" onerror=\"this.style.display='none'\" src=\"data:image\/svg+xml;base64,PHN2ZyB3aWR0aD0iMSIgaGVpZ2h0PSIxIiB4bWxucz0iaHR0cDovL3d3dy53My5vcmcvMjAwMC9zdmciPjwvc3ZnPg==\" class=\"lazyload\" style=\"--smush-placeholder-width: 555px; --smush-placeholder-aspect-ratio: 555\/360;\" \/>\n<h3>\n\t\tForma parte de nuestro equipo\n\t<\/h3>\n\t<p>Nuestro \u00e9xito comienza con empleados dedicados. Son el coraz\u00f3n y el alma de nuestra empresa y siguen siendo una de nuestras principales prioridades.<\/p>\n<p>Exigimos mucho de nuestros productos y de nosotros mismos. Nuestra gente hace un esfuerzo adicional y trabaja duro con esp\u00edritu de equipo, responsabilidad y disfrute, para formar la base de nuestro \u00e9xito.<\/p>\n<p>Descubra las oportunidades en el equipo de Beaver Paper.<\/p>\n\t\t\t<a href=\"https:\/\/www.paycomonline.net\/v4\/ats\/web.php\/jobs?clientkey=53EEF16900AC5B5984D560FFB1254871&#038;fromClientSide=true\" target=\"_blank\" role=\"button\" rel=\"noopener\">\n\t\t\t\t\t\t\tSee Open Positions\n\t\t\t\t\t<\/a>\n<h3>\n\t\tPrograma de pasant\u00edas para estudiantes de ingenier\u00eda\n\t<\/h3>\n\t<p>\u00bfEs usted un estudiante que busca adquirir experiencia pr\u00e1ctica en ingenier\u00eda? Da tu primer paso hacia el mundo laboral con nuestras pr\u00e1cticas de ingenier\u00eda.<\/p>\n<p>Tendr\u00e1 la oportunidad de pasar tiempo trabajando en nuestras instalaciones de papel y adquirir experiencia de ingenier\u00eda real en proyectos interesantes.<\/p>\n<p><strong>\u00danase a nosotros y comience su viaje para convertirse en un experto en ingenier\u00eda del ma\u00f1ana.<\/strong><\/p>\n\t\t\t<a href=\"https:\/\/www.beaverpaper.com\/es\/contact-us\/\" target=\"_self\" role=\"button\" rel=\"noopener\">\n\t\t\t\t\t\t\tP\u00f3ngase en contacto con nosotros hoy\n\t\t\t\t\t<\/a>\n\t\t\t\t<img decoding=\"async\" data-src=\"https:\/\/www.beaverpaper.com\/wp-content\/uploads\/2020\/09\/MG_9095.jpg\" alt=\"_MG_9095\" itemprop=\"image\" height=\"632\" width=\"1000\" title=\"_MG_9095\" onerror=\"this.style.display='none'\" src=\"data:image\/svg+xml;base64,PHN2ZyB3aWR0aD0iMSIgaGVpZ2h0PSIxIiB4bWxucz0iaHR0cDovL3d3dy53My5vcmcvMjAwMC9zdmciPjwvc3ZnPg==\" class=\"lazyload\" style=\"--smush-placeholder-width: 1000px; --smush-placeholder-aspect-ratio: 1000\/632;\" \/>","protected":false},"excerpt":{"rendered":"<p>Careers Join the Beaver Paper Family Become part of our Team Our success starts with dedicated employees. They are the heart and soul of our company and remain one of our top priorities. We demand a lot from our products and from ourselves. Our people go the extra mile and work hard with team spirit,&hellip;<\/p>","protected":false},"author":3,"featured_media":0,"parent":0,"menu_order":0,"comment_status":"closed","ping_status":"closed","template":"","meta":{"_acf_changed":false,"_coblocks_attr":"","_coblocks_dimensions":"","_coblocks_responsive_height":"","_coblocks_accordion_ie_support":"","footnotes":""},"yst_prominent_words":[],"class_list":["post-979","page","type-page","status-publish","hentry"],"acf":[],"_links":{"self":[{"href":"https:\/\/www.beaverpaper.com\/es\/wp-json\/wp\/v2\/pages\/979","targetHints":{"allow":["GET"]}}],"collection":[{"href":"https:\/\/www.beaverpaper.com\/es\/wp-json\/wp\/v2\/pages"}],"about":[{"href":"https:\/\/www.beaverpaper.com\/es\/wp-json\/wp\/v2\/types\/page"}],"author":[{"embeddable":true,"href":"https:\/\/www.beaverpaper.com\/es\/wp-json\/wp\/v2\/users\/3"}],"replies":[{"embeddable":true,"href":"https:\/\/www.beaverpaper.com\/es\/wp-json\/wp\/v2\/comments?post=979"}],"version-history":[{"count":16,"href":"https:\/\/www.beaverpaper.com\/es\/wp-json\/wp\/v2\/pages\/979\/revisions"}],"predecessor-version":[{"id":2662,"href":"https:\/\/www.beaverpaper.com\/es\/wp-json\/wp\/v2\/pages\/979\/revisions\/2662"}],"wp:attachment":[{"href":"https:\/\/www.beaverpaper.com\/es\/wp-json\/wp\/v2\/media?parent=979"}],"wp:term":[{"taxonomy":"yst_prominent_words","embeddable":true,"href":"https:\/\/www.beaverpaper.com\/es\/wp-json\/wp\/v2\/yst_prominent_words?post=979"}],"curies":[{"name":"wp","href":"https:\/\/api.w.org\/{rel}","templated":true}]}}