{"id":31,"date":"2020-09-03T19:30:54","date_gmt":"2020-09-03T19:30:54","guid":{"rendered":"https:\/\/www.beaverpaper.com\/?page_id=31"},"modified":"2025-02-17T17:34:37","modified_gmt":"2025-02-17T17:34:37","slug":"about-us","status":"publish","type":"page","link":"https:\/\/www.beaverpaper.com\/es\/about-us\/","title":{"rendered":"Sobre nosotros"},"content":{"rendered":"<img decoding=\"async\" data-src=\"https:\/\/www.beaverpaper.com\/wp-content\/uploads\/2020\/09\/About-1.jpg\" alt=\"\" src=\"data:image\/svg+xml;base64,PHN2ZyB3aWR0aD0iMSIgaGVpZ2h0PSIxIiB4bWxucz0iaHR0cDovL3d3dy53My5vcmcvMjAwMC9zdmciPjwvc3ZnPg==\" class=\"lazyload\" style=\"--smush-placeholder-width: 1546px; --smush-placeholder-aspect-ratio: 1546\/940;\" \/>\t\t\t\n\t\t\t\t<h1>Sobre nosotros<\/h1><h4>Member of the Koehler Paper<\/h4>\n<p>Beaver Paper es un productor mundialmente reconocido de papel de sublimaci\u00f3n TexPrint\u00ae, tis\u00fa ProTex \u2122 y telas gr\u00e1ficas TexStyles\u00ae para la industria de la impresi\u00f3n digital y la sublimaci\u00f3n de tinta. Con 40 a\u00f1os de experiencia, Beaver Paper ofrece la cartera de productos m\u00e1s completa de medios de sublimaci\u00f3n para su uso en una variedad de aplicaciones.<\/p>\n\t\t\t<img decoding=\"async\" data-src=\"https:\/\/www.beaverpaper.com\/wp-content\/uploads\/2020\/09\/JBN_3098-scaled.jpg\" alt=\"\" src=\"data:image\/svg+xml;base64,PHN2ZyB3aWR0aD0iMSIgaGVpZ2h0PSIxIiB4bWxucz0iaHR0cDovL3d3dy53My5vcmcvMjAwMC9zdmciPjwvc3ZnPg==\" class=\"lazyload\" style=\"--smush-placeholder-width: 2560px; --smush-placeholder-aspect-ratio: 2560\/1696;\" \/>\t\t\t\n\t\t\t\t<h1>Sobre nosotros<\/h1><h4>Member of the Koehler Paper<\/h4>\n<p>Beaver Paper es un productor mundialmente reconocido de papel de sublimaci\u00f3n TexPrint\u00ae, tis\u00fa ProTex \u2122 y telas gr\u00e1ficas TexStyles\u00ae para la industria de la impresi\u00f3n digital y la sublimaci\u00f3n de tinta. Con 40 a\u00f1os de experiencia, Beaver Paper ofrece la cartera de productos m\u00e1s completa de medios de sublimaci\u00f3n para su uso en una variedad de aplicaciones.<\/p>\n\t\t\t<img decoding=\"async\" data-src=\"https:\/\/www.beaverpaper.com\/wp-content\/uploads\/2020\/09\/Print-Lab-4_Resized_Recolored.jpg\" alt=\"\" src=\"data:image\/svg+xml;base64,PHN2ZyB3aWR0aD0iMSIgaGVpZ2h0PSIxIiB4bWxucz0iaHR0cDovL3d3dy53My5vcmcvMjAwMC9zdmciPjwvc3ZnPg==\" class=\"lazyload\" style=\"--smush-placeholder-width: 1067px; --smush-placeholder-aspect-ratio: 1067\/614;\" \/>\t\t\t\n\t\t\t\t<h1>Sobre nosotros<\/h1><h4>Member of the Koehler Paper<\/h4>\n<p>Beaver Paper es un productor mundialmente reconocido de papel de sublimaci\u00f3n TexPrint\u00ae, tis\u00fa ProTex \u2122 y telas gr\u00e1ficas TexStyles\u00ae para la industria de la impresi\u00f3n digital y la sublimaci\u00f3n de tinta. Con 40 a\u00f1os de experiencia, Beaver Paper ofrece la cartera de productos m\u00e1s completa de medios de sublimaci\u00f3n para su uso en una variedad de aplicaciones.<\/p>\n\t\t\t\t<img decoding=\"async\" data-src=\"https:\/\/www.beaverpaper.com\/wp-content\/uploads\/2020\/09\/about-2-e1599327089167.jpg\" alt=\"sobre 2\" itemprop=\"image\" height=\"489\" width=\"685\" title=\"sobre 2\" onerror=\"this.style.display='none'\" src=\"data:image\/svg+xml;base64,PHN2ZyB3aWR0aD0iMSIgaGVpZ2h0PSIxIiB4bWxucz0iaHR0cDovL3d3dy53My5vcmcvMjAwMC9zdmciPjwvc3ZnPg==\" class=\"lazyload\" style=\"--smush-placeholder-width: 685px; --smush-placeholder-aspect-ratio: 685\/489;\" \/>\n<h3>\n\t\tUna transici\u00f3n emocionante\n\t<\/h3>\n\t<p>Since its inception 40 years ago, Beaver Paper has evolved into a global company highly regarded for its innovative, high-quality sublimation media. Today, our products can be found in over 51 countries worldwide and are carried by distributors and direct sales out of our Atlanta, Georgia headquarters and distribution facility in Willst\u00e4tt, Germany.<\/p>\n<p>In January 2020, Koehler Paper, a leading global producer of high-quality specialty paper, announced the acquisition of Beaver Paper &amp; Graphic Media, Inc. As a member of Koehler Paper, Beaver Paper will continue to be headquartered in the Atlanta, Georgia area and will remain the same innovative company under our new leadership.<\/p>\n<h3>\n\t\tInstalaciones de \u00faltima generaci\u00f3n\n\t<\/h3>\n\t<p>Nuestro almac\u00e9n y centro log\u00edstico de \u00faltima generaci\u00f3n de 160,000 pies cuadrados aseguran el cumplimiento eficiente de la demanda global de nuestros productos de medios de sublimaci\u00f3n de tinta. Ofrecemos a los clientes una amplia gama de anchos y tama\u00f1os de soportes para satisfacer las necesidades de cada aplicaci\u00f3n.<\/p>\n<p>Nuestras instalaciones tambi\u00e9n albergan nuestro laboratorio de investigaci\u00f3n y desarrollo de vanguardia donde los profesionales de la industria trabajan en el desarrollo de productos, la gesti\u00f3n del color y el control de calidad en m\u00e1s de una docena de impresoras de sublimaci\u00f3n, tintas a base de agua y prensas t\u00e9rmicas de fabricantes populares.<\/p>\n\t\t\t\t<img decoding=\"async\" data-src=\"https:\/\/www.beaverpaper.com\/wp-content\/uploads\/2020\/09\/MG_9095.jpg\" alt=\"_MG_9095\" itemprop=\"image\" height=\"632\" width=\"1000\" title=\"_MG_9095\" onerror=\"this.style.display='none'\" src=\"data:image\/svg+xml;base64,PHN2ZyB3aWR0aD0iMSIgaGVpZ2h0PSIxIiB4bWxucz0iaHR0cDovL3d3dy53My5vcmcvMjAwMC9zdmciPjwvc3ZnPg==\" class=\"lazyload\" style=\"--smush-placeholder-width: 1000px; --smush-placeholder-aspect-ratio: 1000\/632;\" \/>\n\t\t\t\t<img decoding=\"async\" data-src=\"https:\/\/www.beaverpaper.com\/wp-content\/uploads\/2020\/09\/Print-Lab-4_Resized_Recolored.jpg\" alt=\"Print-Lab-4_Resized_Recolored\" itemprop=\"image\" height=\"614\" width=\"1067\" title=\"Print-Lab-4_Resized_Recolored\" onerror=\"this.style.display='none'\" src=\"data:image\/svg+xml;base64,PHN2ZyB3aWR0aD0iMSIgaGVpZ2h0PSIxIiB4bWxucz0iaHR0cDovL3d3dy53My5vcmcvMjAwMC9zdmciPjwvc3ZnPg==\" class=\"lazyload\" style=\"--smush-placeholder-width: 1067px; --smush-placeholder-aspect-ratio: 1067\/614;\" \/>\n<h3>\n\t\tNuestro compromiso\n\t<\/h3>\n\t<p>Beaver Paper continuar\u00e1 con su compromiso de brindar un servicio excepcional y productos de alta calidad para asociados y clientes. Nos esforzamos por alcanzar la excelencia y trabajamos duro para producir los mejores papeles de sublimaci\u00f3n y medios gr\u00e1ficos de la industria. Reinvertimos en investigaci\u00f3n y desarrollo y mejoramos continuamente nuestros procesos y pr\u00e1cticas.<\/p>\n<p>As our customer, you have Beaver Paper&#8217;s commitment to delivering exceptional, quality products for your applications. We make it easy to get exactly what you need, when you need it.<\/p>\n\t<p>\u00bfDesea obtener m\u00e1s informaci\u00f3n sobre el producto o muestras gratuitas?<\/p>\n\t\t\t<a href=\"https:\/\/www.beaverpaper.com\/es\/contact-us\/\" target=\"_self\" role=\"button\" rel=\"noopener\">\n\t\t\t\t\t\t\tP\u00f3ngase en contacto con nosotros hoy\n\t\t\t\t\t<\/a>","protected":false},"excerpt":{"rendered":"<p>About Us Member of the Koehler Paper Beaver Paper is a globally recognized producer of TexPrint\u00ae sublimation paper, ProTex\u2122 tissue and TexStyles\u00ae graphic fabrics for the dye-sublimation and digital print industry. With 40 years of experience, Beaver Paper offers the most comprehensive product portfolio of sublimation media for use in a variety of applications. About&hellip;<\/p>","protected":false},"author":3,"featured_media":0,"parent":0,"menu_order":0,"comment_status":"closed","ping_status":"closed","template":"","meta":{"_acf_changed":false,"_coblocks_attr":"","_coblocks_dimensions":"","_coblocks_responsive_height":"","_coblocks_accordion_ie_support":"","footnotes":""},"yst_prominent_words":[],"class_list":["post-31","page","type-page","status-publish","hentry"],"acf":[],"_links":{"self":[{"href":"https:\/\/www.beaverpaper.com\/es\/wp-json\/wp\/v2\/pages\/31","targetHints":{"allow":["GET"]}}],"collection":[{"href":"https:\/\/www.beaverpaper.com\/es\/wp-json\/wp\/v2\/pages"}],"about":[{"href":"https:\/\/www.beaverpaper.com\/es\/wp-json\/wp\/v2\/types\/page"}],"author":[{"embeddable":true,"href":"https:\/\/www.beaverpaper.com\/es\/wp-json\/wp\/v2\/users\/3"}],"replies":[{"embeddable":true,"href":"https:\/\/www.beaverpaper.com\/es\/wp-json\/wp\/v2\/comments?post=31"}],"version-history":[{"count":20,"href":"https:\/\/www.beaverpaper.com\/es\/wp-json\/wp\/v2\/pages\/31\/revisions"}],"predecessor-version":[{"id":2779,"href":"https:\/\/www.beaverpaper.com\/es\/wp-json\/wp\/v2\/pages\/31\/revisions\/2779"}],"wp:attachment":[{"href":"https:\/\/www.beaverpaper.com\/es\/wp-json\/wp\/v2\/media?parent=31"}],"wp:term":[{"taxonomy":"yst_prominent_words","embeddable":true,"href":"https:\/\/www.beaverpaper.com\/es\/wp-json\/wp\/v2\/yst_prominent_words?post=31"}],"curies":[{"name":"wp","href":"https:\/\/api.w.org\/{rel}","templated":true}]}}