{"id":2924,"date":"2024-03-25T05:55:04","date_gmt":"2024-03-25T05:55:04","guid":{"rendered":"https:\/\/www.beaverpaper.com\/?page_id=2924"},"modified":"2024-04-06T17:33:43","modified_gmt":"2024-04-06T17:33:43","slug":"button-test-texstyles-silicone-edge","status":"publish","type":"page","link":"https:\/\/www.beaverpaper.com\/es\/button-test-texstyles-silicone-edge\/","title":{"rendered":"Copy of TexStyles &#8211; Silicone Edge"},"content":{"rendered":"<img decoding=\"async\" data-src=\"https:\/\/www.beaverpaper.com\/wp-content\/uploads\/2020\/11\/Backlit-90-scaled.jpg\" alt=\"\" src=\"data:image\/svg+xml;base64,PHN2ZyB3aWR0aD0iMSIgaGVpZ2h0PSIxIiB4bWxucz0iaHR0cDovL3d3dy53My5vcmcvMjAwMC9zdmciPjwvc3ZnPg==\" class=\"lazyload\" style=\"--smush-placeholder-width: 2560px; --smush-placeholder-aspect-ratio: 2560\/1594;\" \/>\t\t\t\n\t\t\t\t<p><img decoding=\"async\" data-src=\"https:\/\/www.beaverpaper.com\/wp-content\/uploads\/2020\/09\/tex-styles-logo.png\" alt=\"Tejido TexPrint\" src=\"data:image\/svg+xml;base64,PHN2ZyB3aWR0aD0iMSIgaGVpZ2h0PSIxIiB4bWxucz0iaHR0cDovL3d3dy53My5vcmcvMjAwMC9zdmciPjwvc3ZnPg==\" class=\"lazyload\" style=\"--smush-placeholder-width: 706px; --smush-placeholder-aspect-ratio: 706\/188;\" \/><\/p>\n<h4><strong>Para gr\u00e1ficos de borde de silicona<\/strong><\/h4>\n<p>Las telas TexStyles\u00ae SEG son una gama especializada de telas tejidas y de punto, dise\u00f1adas espec\u00edficamente para im\u00e1genes por sublimaci\u00f3n de tinta. Las caracter\u00edsticas \u00fanicas de TexStyles se combinan para hacer de esta una atractiva elecci\u00f3n textil gr\u00e1fica para los creadores de im\u00e1genes gr\u00e1ficos profesionales. TexStyles cumple con la mayor\u00eda de los est\u00e1ndares de resistencia al fuego en los EE. UU. Y ha sido reconocido y certificado por ISO para garantizar la consistencia y calidad de cada producto.<\/p>\n\t\t\t\t<img decoding=\"async\" data-src=\"https:\/\/www.beaverpaper.com\/wp-content\/uploads\/2020\/11\/Backlit-90-1024x638.jpg\" alt=\"Retroiluminado 90\" itemprop=\"image\" height=\"638\" width=\"1024\" title=\"Retroiluminado 90\" onerror=\"this.style.display='none'\" src=\"data:image\/svg+xml;base64,PHN2ZyB3aWR0aD0iMSIgaGVpZ2h0PSIxIiB4bWxucz0iaHR0cDovL3d3dy53My5vcmcvMjAwMC9zdmciPjwvc3ZnPg==\" class=\"lazyload\" style=\"--smush-placeholder-width: 1024px; --smush-placeholder-aspect-ratio: 1024\/638;\" \/>\n<h2>\n\t\tRetroiluminado 90\n\t<\/h2>\n\t<p><strong>TexStyles<sup>\u00ae<\/sup> Retroiluminado<\/strong> 90 es la \u00daNICA tela disponible de su tipo que ofrece estiramiento en cuatro direcciones, eliminando arrugas y arrugas.<\/p>\n<ul>\n<li>Poli\u00e9ster tejido 100%<\/li>\n<li>Reproducci\u00f3n de colores vivos<\/li>\n<li>Estable con contracci\u00f3n m\u00ednima<\/li>\n<li>Cumple con NFPA 701<\/li>\n<\/ul>\n\t\t\t<a href=\"\/es\/data-sheet-form\/?url=https:\/\/www.beaverpaper.com\/download\/844\" target=\"_self\" role=\"button\" rel=\"noopener\">\n\t\t\t\t\t\t\tDescargar hoja de datos\n\t\t\t\t\t<\/a>\n\t\t\t\t\t\tVer resumen de datos\n\t\t\t<p><strong>CONSTR.<\/strong> &#8211; Knit<\/p>\n<p><strong>HILO<\/strong> &#8211; 100% Poly<\/p>\n<p><strong>PESO OZ \/ YD<sup>2<\/sup><\/strong> &#8211; 7.25<\/p>\n<p><strong>PROCESO DE IMPRESI\u00d3N<\/strong> &#8211; DYE-SUB\/Transfer<\/p>\n<p><strong>APLICACIONES<\/strong> &#8211; Soft Signage, Tradeshow\/Exhibition Graphics, Geometric Displays, Retail POP\/POS, Back-Lit, Wall Murals<\/p>\n\t\t\t\t<img decoding=\"async\" data-src=\"https:\/\/www.beaverpaper.com\/wp-content\/uploads\/2020\/11\/SEG.jpg\" alt=\"SEG\" itemprop=\"image\" height=\"1333\" width=\"2000\" title=\"SEG\" onerror=\"this.style.display='none'\" src=\"data:image\/svg+xml;base64,PHN2ZyB3aWR0aD0iMSIgaGVpZ2h0PSIxIiB4bWxucz0iaHR0cDovL3d3dy53My5vcmcvMjAwMC9zdmciPjwvc3ZnPg==\" class=\"lazyload\" style=\"--smush-placeholder-width: 2000px; --smush-placeholder-aspect-ratio: 2000\/1333;\" \/>\n<h2>\n\t\tSEG\n\t<\/h2>\n\t<p><strong>SEG es una tela de poli\u00e9ster de punto que es ideal para estructuras planas o contorneadas, acentos decorativos, se\u00f1alizaci\u00f3n a\u00e9rea y murales de pared.<\/strong><\/p>\n<ul>\n<li>Poli\u00e9ster tejido 100%<\/li>\n<li>Reproducci\u00f3n de colores vivos<\/li>\n<li>Muy estable con m\u00ednima contracci\u00f3n<\/li>\n<li>Cumple con los requisitos de NFPA 701, CA 19<\/li>\n<\/ul>\n\t\t\t<a href=\"\/es\/data-sheet-form\/?url=https:\/\/www.beaverpaper.com\/download\/867\" target=\"_self\" role=\"button\" rel=\"noopener\">\n\t\t\t\t\t\t\tDescargar hoja de datos\n\t\t\t\t\t<\/a>\n\t\t\t\t\t\tVer resumen de datos\n\t\t\t<p><strong>CONSTR.<\/strong> &#8211; Knit<\/p>\n<p><strong>HILO<\/strong> &#8211; 100% Poly<\/p>\n<p><strong>PESO OZ \/ YD<sup>2<\/sup><\/strong> &#8211; 8.5<\/p>\n<p><strong>PROCESO DE IMPRESI\u00d3N<\/strong> &#8211; DYE-SUB\/Transfer<\/p>\n<p><strong>APLICACIONES<\/strong> &#8211; Soft Signage, Tradeshow\/Exhibition Graphics, Geometric Displays, Retail POP\/POS, Table Covers, Wall Murals<\/p>\n\t\t\t\t<img decoding=\"async\" data-src=\"https:\/\/www.beaverpaper.com\/wp-content\/uploads\/2020\/11\/Absolute.jpeg\" alt=\"Dise\u00f1o de stand de exposici\u00f3n creativa en blanco con formas de color. Plantilla de stand. Marcas corporativas e identidad corporativa. Render 3d\" itemprop=\"image\" height=\"1500\" width=\"2000\" title=\"Dise\u00f1o de stand de exposici\u00f3n creativa en blanco con formas de color. Plantilla de stand.\" onerror=\"this.style.display='none'\" src=\"data:image\/svg+xml;base64,PHN2ZyB3aWR0aD0iMSIgaGVpZ2h0PSIxIiB4bWxucz0iaHR0cDovL3d3dy53My5vcmcvMjAwMC9zdmciPjwvc3ZnPg==\" class=\"lazyload\" style=\"--smush-placeholder-width: 2000px; --smush-placeholder-aspect-ratio: 2000\/1500;\" \/>\n<h2>\n\t\tDTF absoluto \/ absoluto\n\t<\/h2>\n\t<p>TexStyles Absolute es un tejido de poli\u00e9ster perfecto para im\u00e1genes digitales, se\u00f1alizaci\u00f3n suave y pantallas POS \/ POP para minoristas. La tela Absolute tambi\u00e9n est\u00e1 disponible en Direct-to-Fabric.<\/p>\n<ul>\n<li>Resistente a las arrugas<\/li>\n<li>Blancura excepcional<\/li>\n<li>Reproducci\u00f3n de colores vivos<\/li>\n<li>Cumple con los requisitos de NFPA 701 y CA<\/li>\n<\/ul>\n\t\t\t<a href=\"\/es\/data-sheet-form\/?url=https:\/\/www.beaverpaper.com\/download\/829\" target=\"_self\" role=\"button\" rel=\"noopener\">\n\t\t\t\t\t\t\tDescargar hoja de datos\n\t\t\t\t\t<\/a>\n\t\t\t\t\t\tVer resumen de datos\n\t\t\t<p><strong>CONSTR.<\/strong> &#8211; Knit<\/p>\n<p><strong>HILO<\/strong> &#8211; 100% Poly<\/p>\n<p><strong>PESO OZ \/ YD<sup>2<\/sup><\/strong> &#8211; 6.8<\/p>\n<p><strong>PROCESO DE IMPRESI\u00d3N<\/strong> &#8211; DYE-SUB: Transfer-Direct<\/p>\n<p><strong>APLICACIONES<\/strong> &#8211; Soft Signage, Tradeshow\/Exhibition Graphics, Banners, Retail POP\/POS, Table Covers<\/p>\n\t\t\t\t<img decoding=\"async\" data-src=\"https:\/\/www.beaverpaper.com\/wp-content\/uploads\/2020\/11\/Pinnacle-1.jpg\" alt=\"nuevo background_34243\" itemprop=\"image\" height=\"1380\" width=\"2000\" title=\"nuevo background_34243\" onerror=\"this.style.display='none'\" src=\"data:image\/svg+xml;base64,PHN2ZyB3aWR0aD0iMSIgaGVpZ2h0PSIxIiB4bWxucz0iaHR0cDovL3d3dy53My5vcmcvMjAwMC9zdmciPjwvc3ZnPg==\" class=\"lazyload\" style=\"--smush-placeholder-width: 2000px; --smush-placeholder-aspect-ratio: 2000\/1380;\" \/>\n<h2>\n\t\tPinnacle &#038; Pinnacle DTF\n\t<\/h2>\n\t<p>La tela de sublimaci\u00f3n TexStyles Pinnacle es de poli\u00e9ster 100% y est\u00e1 disponible en una opci\u00f3n Direct-to-Fabric. Sus caracter\u00edsticas resistentes a las arrugas lo convierten en un excelente medio de sublimaci\u00f3n para marcos SEG, decoraciones de interiores, gr\u00e1ficos de exhibici\u00f3n y aplicaciones especiales. La tela Pinnacle tambi\u00e9n est\u00e1 disponible en Direct-to-Fabric.<\/p>\n<ul>\n<li>Resistente a las arrugas<\/li>\n<li>Blancura excepcional<\/li>\n<li>Reproducci\u00f3n de colores vivos<\/li>\n<li>Cumple con los requisitos de NFPA 701 y CA<\/li>\n<\/ul>\n\t\t\t<a href=\"\/wp-content\/uploads\/dlm_uploads\/2023\/02\/TexStyles-Pinnacle-DTF_Transfer_12-13-22-1.pdf\" target=\"_self\" role=\"button\" rel=\"noopener\">\n\t\t\t\t\t\t\tDescargar hoja de datos\n\t\t\t\t\t<\/a>\n\t\t\t\t\t\tVer resumen de datos\n\t\t\t<p><strong>HILO<\/strong> &#8211; 100% Poly<\/p>\n<p><strong>PESO OZ \/ YD<sup>2<\/sup><\/strong> &#8211; 5.8<\/p>\n<p><strong>PROCESO DE IMPRESI\u00d3N<\/strong> &#8211; Dye-Sub: Transfer &#8211; Direct<\/p>\n<p><strong>APLICACIONES<\/strong> &#8211; Soft Signage, Tradeshow\/Exhibition Graphics, Retail POP\/POS, Table Covers<\/p>","protected":false},"excerpt":{"rendered":"<p>For Silicone Edge Graphics TexStyles\u00ae SEG fabrics are a specialized range of woven and knit fabrics, engineered specifically for dye sublimation imaging. TexStyles unique characteristics combine to make this a compelling graphic textile choice for professional graphic imagers. TexStyles meets most flame resistance standards across the U.S. and have been ISO recognized and certified to&hellip;<\/p>","protected":false},"author":12,"featured_media":0,"parent":0,"menu_order":0,"comment_status":"closed","ping_status":"closed","template":"","meta":{"_acf_changed":false,"_coblocks_attr":"","_coblocks_dimensions":"","_coblocks_responsive_height":"","_coblocks_accordion_ie_support":"","footnotes":""},"yst_prominent_words":[],"class_list":["post-2924","page","type-page","status-publish","hentry"],"acf":[],"_links":{"self":[{"href":"https:\/\/www.beaverpaper.com\/es\/wp-json\/wp\/v2\/pages\/2924","targetHints":{"allow":["GET"]}}],"collection":[{"href":"https:\/\/www.beaverpaper.com\/es\/wp-json\/wp\/v2\/pages"}],"about":[{"href":"https:\/\/www.beaverpaper.com\/es\/wp-json\/wp\/v2\/types\/page"}],"author":[{"embeddable":true,"href":"https:\/\/www.beaverpaper.com\/es\/wp-json\/wp\/v2\/users\/12"}],"replies":[{"embeddable":true,"href":"https:\/\/www.beaverpaper.com\/es\/wp-json\/wp\/v2\/comments?post=2924"}],"version-history":[{"count":13,"href":"https:\/\/www.beaverpaper.com\/es\/wp-json\/wp\/v2\/pages\/2924\/revisions"}],"predecessor-version":[{"id":2941,"href":"https:\/\/www.beaverpaper.com\/es\/wp-json\/wp\/v2\/pages\/2924\/revisions\/2941"}],"wp:attachment":[{"href":"https:\/\/www.beaverpaper.com\/es\/wp-json\/wp\/v2\/media?parent=2924"}],"wp:term":[{"taxonomy":"yst_prominent_words","embeddable":true,"href":"https:\/\/www.beaverpaper.com\/es\/wp-json\/wp\/v2\/yst_prominent_words?post=2924"}],"curies":[{"name":"wp","href":"https:\/\/api.w.org\/{rel}","templated":true}]}}