{"id":2838,"date":"2024-02-05T08:50:02","date_gmt":"2024-02-05T08:50:02","guid":{"rendered":"https:\/\/www.beaverpaper.com\/?page_id=2838"},"modified":"2024-04-02T02:46:07","modified_gmt":"2024-04-02T02:46:07","slug":"home-copy","status":"publish","type":"page","link":"https:\/\/www.beaverpaper.com\/es\/home-copy\/","title":{"rendered":"TESTHOME"},"content":{"rendered":"<img decoding=\"async\" data-src=\"https:\/\/www.beaverpaper.com\/wp-content\/uploads\/2020\/09\/slide-1-new-scaled.jpg\" alt=\"\" src=\"data:image\/svg+xml;base64,PHN2ZyB3aWR0aD0iMSIgaGVpZ2h0PSIxIiB4bWxucz0iaHR0cDovL3d3dy53My5vcmcvMjAwMC9zdmciPjwvc3ZnPg==\" class=\"lazyload\" style=\"--smush-placeholder-width: 2560px; --smush-placeholder-aspect-ratio: 2560\/1272;\" \/>\t\t\t\n\t\t\t<img decoding=\"async\" data-src=\"https:\/\/www.beaverpaper.com\/wp-content\/uploads\/2024\/03\/AdobeStock_367494272-fotor-20240318155938.jpg\" alt=\"\" src=\"data:image\/svg+xml;base64,PHN2ZyB3aWR0aD0iMSIgaGVpZ2h0PSIxIiB4bWxucz0iaHR0cDovL3d3dy53My5vcmcvMjAwMC9zdmciPjwvc3ZnPg==\" class=\"lazyload\" style=\"--smush-placeholder-width: 1000px; --smush-placeholder-aspect-ratio: 1000\/667;\" \/>\t\t\t\n\t\t\t<img decoding=\"async\" data-src=\"https:\/\/www.beaverpaper.com\/wp-content\/uploads\/2024\/03\/AdobeStock_139847206-fotor-2024031816015.jpg\" alt=\"\" src=\"data:image\/svg+xml;base64,PHN2ZyB3aWR0aD0iMSIgaGVpZ2h0PSIxIiB4bWxucz0iaHR0cDovL3d3dy53My5vcmcvMjAwMC9zdmciPjwvc3ZnPg==\" class=\"lazyload\" style=\"--smush-placeholder-width: 1000px; --smush-placeholder-aspect-ratio: 1000\/667;\" \/>\t\t\t\n<h2>\n\t\tBRAND STORY\n\t<\/h2>\n\t<p>Beaver Paper is a globally recognized producer of TexPrint\u00ae sublimation paper, ProTex\u00ae tissue and TexStyles\u00ae graphic fabrics for the dye-sublimation and digital print industry. With 40 years of experience, Beaver Paper offers the most comprehensive product portfolio for sublimation media for use in a variety of applications.<\/p>\n<h4>\n\t\tSUBLIMATION SOLUTIONS\n\t<\/h4>\n\t<p>Como l\u00edder en tecnolog\u00eda de sublimaci\u00f3n, Beaver Paper ofrece la gama m\u00e1s amplia de soluciones de sublimaci\u00f3n integrales e innovadoras del mundo.<\/p>\n<h4>\n\t\tRESPONSIBLY PRODUCED\n\t<\/h4>\n\t<p>Desde materias primas sostenibles hasta productos terminados reciclables 100%, Beaver Paper tiene el futuro cubierto.<\/p>\n<h4>\n\t\tGET WHAT YOU NEED\n\t<\/h4>\n\t<p>Hacemos que sea f\u00e1cil obtener exactamente lo que necesita, cuando lo necesita, al mantener m\u00e1s existencias disponibles, listas para enviar, que cualquier otra persona.<\/p>\n<h3>\n\t\tOUR BEST SELLING PRODUCTS\n\t<\/h3>\n\t\t\t<img decoding=\"async\" data-src=\"https:\/\/www.beaverpaper.com\/wp-content\/uploads\/2024\/02\/Products_banner_1-1.png\" alt=\"\" src=\"data:image\/svg+xml;base64,PHN2ZyB3aWR0aD0iMSIgaGVpZ2h0PSIxIiB4bWxucz0iaHR0cDovL3d3dy53My5vcmcvMjAwMC9zdmciPjwvc3ZnPg==\" class=\"lazyload\" style=\"--smush-placeholder-width: 2560px; --smush-placeholder-aspect-ratio: 2560\/1272;\" \/><a href=\"https:\/\/www.beaverpaper.com\/es\/texprint-grand-format\/\" target=\"_self\" aria-label=\"TexPrint - Sublimation Papers\" rel=\"noopener\"><\/a>\t\t\t\n\t\t\t<img decoding=\"async\" data-src=\"https:\/\/www.beaverpaper.com\/wp-content\/uploads\/2024\/02\/Products_banner_3-1.png\" alt=\"\" src=\"data:image\/svg+xml;base64,PHN2ZyB3aWR0aD0iMSIgaGVpZ2h0PSIxIiB4bWxucz0iaHR0cDovL3d3dy53My5vcmcvMjAwMC9zdmciPjwvc3ZnPg==\" class=\"lazyload\" style=\"--smush-placeholder-width: 2560px; --smush-placeholder-aspect-ratio: 2560\/1272;\" \/><a href=\"https:\/\/www.beaverpaper.com\/es\/texprint-for-desktop\/\" target=\"_self\" aria-label=\"TexPrint\u00aeDT\" rel=\"noopener\"><\/a>\t\t\t\n\t\t\t<img decoding=\"async\" data-src=\"https:\/\/www.beaverpaper.com\/wp-content\/uploads\/2024\/02\/Products_banner_2-1.png\" alt=\"\" src=\"data:image\/svg+xml;base64,PHN2ZyB3aWR0aD0iMSIgaGVpZ2h0PSIxIiB4bWxucz0iaHR0cDovL3d3dy53My5vcmcvMjAwMC9zdmciPjwvc3ZnPg==\" class=\"lazyload\" style=\"--smush-placeholder-width: 2560px; --smush-placeholder-aspect-ratio: 2560\/1272;\" \/><a href=\"https:\/\/www.beaverpaper.com\/es\/protex-protection-tissue\/\" target=\"_self\" aria-label=\"ProTex - Pretection Tissue\" rel=\"noopener\"><\/a>\t\t\t\n\t\t\t\t<a href=\"#\" aria-label=\"previous\" role=\"button\">\n<\/a>\n\t\t\t\t<a href=\"#\" aria-label=\"next\" role=\"button\">\n<\/a>\n\t<p>&nbsp;<\/p>\n<p>&nbsp;<\/p>\n<h3>ENVIRONMENTALLY RESPONSIBLE<\/h3>\n<p>Beaver Paper obtiene sus productos de materias primas sostenibles producidas de manera responsable. Nuestros papeles TexPrint\u00ae son 100% reciclables.<\/p>\n<h3>\n\t\tFeatured News &#038; Products\n\t<\/h3>\n\t<meta itemscope itemprop=\"mainEntityOfPage\" itemtype=\"https:\/\/schema.org\/WebPage\" itemid=\"https:\/\/www.beaverpaper.com\/focus-on-future-generations-new-sustainability-report-published\/\" content=\"Focus on Future Generations: New Sustainability Report Published &#8211; EN\/DE\" \/><meta itemprop=\"datePublished\" content=\"2023-10-26\" \/><meta itemprop=\"dateModified\" content=\"2023-10-27\" \/><meta itemprop=\"name\" content=\"Beaver Paper\"\/><meta itemprop=\"url\" content=\"https:\/\/www.beaverpaper.com\/wp-content\/uploads\/2020\/09\/BP-Logo_Stacked_Koehler3-2-20.jpg\"\/><meta itemprop=\"url\" content=\"https:\/\/www.beaverpaper.com\/author\/bdent\/\" \/><meta itemprop=\"name\" content=\"Brian Dent\" \/><meta itemprop=\"url\" content=\"https:\/\/www.beaverpaper.com\/wp-content\/uploads\/2023\/10\/NEWS_Nachhaltigkeit_WebNews_231024.jpg\" \/><meta itemprop=\"width\" content=\"1920\" \/><meta itemprop=\"height\" content=\"1440\" \/><meta itemprop=\"interactionType\" content=\"https:\/\/schema.org\/CommentAction\" \/><meta itemprop=\"userInteractionCount\" content=\"0\" \/>\n\t\t\t\t\t\t<a href='https:\/\/www.beaverpaper.com\/es\/focus-on-future-generations-new-sustainability-report-published\/' title='Focus on Future Generations: New Sustainability Report Published &#8211; EN\/DE'><img width=\"1024\" height=\"768\" data-src=\"https:\/\/www.beaverpaper.com\/wp-content\/uploads\/2023\/10\/NEWS_Nachhaltigkeit_WebNews_231024-1024x768.jpg\" alt=\"\" itemprop=\"image\" decoding=\"async\" data-srcset=\"https:\/\/www.beaverpaper.com\/wp-content\/uploads\/2023\/10\/NEWS_Nachhaltigkeit_WebNews_231024-1024x768.jpg 1024w, https:\/\/www.beaverpaper.com\/wp-content\/uploads\/2023\/10\/NEWS_Nachhaltigkeit_WebNews_231024-300x225.jpg 300w, https:\/\/www.beaverpaper.com\/wp-content\/uploads\/2023\/10\/NEWS_Nachhaltigkeit_WebNews_231024-768x576.jpg 768w, https:\/\/www.beaverpaper.com\/wp-content\/uploads\/2023\/10\/NEWS_Nachhaltigkeit_WebNews_231024-1536x1152.jpg 1536w, https:\/\/www.beaverpaper.com\/wp-content\/uploads\/2023\/10\/NEWS_Nachhaltigkeit_WebNews_231024-16x12.jpg 16w, https:\/\/www.beaverpaper.com\/wp-content\/uploads\/2023\/10\/NEWS_Nachhaltigkeit_WebNews_231024.jpg 1920w\" data-sizes=\"(max-width: 1024px) 100vw, 1024px\" src=\"data:image\/svg+xml;base64,PHN2ZyB3aWR0aD0iMSIgaGVpZ2h0PSIxIiB4bWxucz0iaHR0cDovL3d3dy53My5vcmcvMjAwMC9zdmciPjwvc3ZnPg==\" class=\"lazyload\" style=\"--smush-placeholder-width: 1024px; --smush-placeholder-aspect-ratio: 1024\/768;\" \/><\/a>\n\t\t\t\t\t<a href=\"https:\/\/www.beaverpaper.com\/es\/category\/news\/\" rel=\"tag\">Noticias<\/a>\n\t\t\t\t\t<h3><a href='https:\/\/www.beaverpaper.com\/es\/focus-on-future-generations-new-sustainability-report-published\/' title='Focus on Future Generations: New Sustainability Report Published &#8211; EN\/DE'>Focus on Future Generations: New Sustainability Report Published &#8211; EN\/DE<\/a><\/h3>\n\t\t\t\t\t\n\t\t\t\t\t\t<a href='https:\/\/www.beaverpaper.com\/es\/focus-on-future-generations-new-sustainability-report-published\/' title='Lee mas &quot;'>Lee mas &quot;<\/a>\n\t\t\t\t\t\n\t<meta itemscope itemprop=\"mainEntityOfPage\" itemtype=\"https:\/\/schema.org\/WebPage\" itemid=\"https:\/\/www.beaverpaper.com\/beaver-paper-will-be-at-printing-united-2023\/\" content=\"Beaver Paper will be at PRINTING United 2023!\" \/><meta itemprop=\"datePublished\" content=\"2023-10-09\" \/><meta itemprop=\"dateModified\" content=\"2023-10-09\" \/><meta itemprop=\"name\" content=\"Beaver Paper\"\/><meta itemprop=\"url\" content=\"https:\/\/www.beaverpaper.com\/wp-content\/uploads\/2020\/09\/BP-Logo_Stacked_Koehler3-2-20.jpg\"\/><meta itemprop=\"url\" content=\"https:\/\/www.beaverpaper.com\/author\/bdent\/\" \/><meta itemprop=\"name\" content=\"Brian Dent\" \/><meta itemprop=\"url\" content=\"https:\/\/www.beaverpaper.com\/wp-content\/uploads\/2023\/10\/Beaver_Paper_Printing_United_2023.png\" \/><meta itemprop=\"width\" content=\"1024\" \/><meta itemprop=\"height\" content=\"577\" \/><meta itemprop=\"interactionType\" content=\"https:\/\/schema.org\/CommentAction\" \/><meta itemprop=\"userInteractionCount\" content=\"0\" \/>\n\t\t\t\t\t\t<a href='https:\/\/www.beaverpaper.com\/es\/beaver-paper-will-be-at-printing-united-2023\/' title='Beaver Paper will be at PRINTING United 2023!'><img width=\"1024\" height=\"577\" data-src=\"https:\/\/www.beaverpaper.com\/wp-content\/uploads\/2023\/10\/Beaver_Paper_Printing_United_2023.png\" alt=\"\" itemprop=\"image\" decoding=\"async\" data-srcset=\"https:\/\/www.beaverpaper.com\/wp-content\/uploads\/2023\/10\/Beaver_Paper_Printing_United_2023.png 1024w, https:\/\/www.beaverpaper.com\/wp-content\/uploads\/2023\/10\/Beaver_Paper_Printing_United_2023-300x169.png 300w, https:\/\/www.beaverpaper.com\/wp-content\/uploads\/2023\/10\/Beaver_Paper_Printing_United_2023-768x433.png 768w, https:\/\/www.beaverpaper.com\/wp-content\/uploads\/2023\/10\/Beaver_Paper_Printing_United_2023-18x10.png 18w\" data-sizes=\"(max-width: 1024px) 100vw, 1024px\" src=\"data:image\/svg+xml;base64,PHN2ZyB3aWR0aD0iMSIgaGVpZ2h0PSIxIiB4bWxucz0iaHR0cDovL3d3dy53My5vcmcvMjAwMC9zdmciPjwvc3ZnPg==\" class=\"lazyload\" style=\"--smush-placeholder-width: 1024px; --smush-placeholder-aspect-ratio: 1024\/577;\" \/><\/a>\n\t\t\t\t\t<a href=\"https:\/\/www.beaverpaper.com\/es\/category\/news\/\" rel=\"tag\">Noticias<\/a>\n\t\t\t\t\t<h3><a href='https:\/\/www.beaverpaper.com\/es\/beaver-paper-will-be-at-printing-united-2023\/' title='Beaver Paper will be at PRINTING United 2023!'>Beaver Paper will be at PRINTING United 2023!<\/a><\/h3>\n\t\t\t\t\t\n\t\t\t\t\t\t<a href='https:\/\/www.beaverpaper.com\/es\/beaver-paper-will-be-at-printing-united-2023\/' title='Lee mas &quot;'>Lee mas &quot;<\/a>\n\t\t\t\t\t\n\t<meta itemscope itemprop=\"mainEntityOfPage\" itemtype=\"https:\/\/schema.org\/WebPage\" itemid=\"https:\/\/www.beaverpaper.com\/beaver-papers-fashionwalls-wins-the-pinnacle-product-award-for-media-textile-traditional-wall-covering\/\" content=\"Beaver Paper&#8217;s FashionWalls Wins The Pinnacle Product Award for Media &#8211; Textile &#8211; Traditional Wall Covering\" \/><meta itemprop=\"datePublished\" content=\"2022-10-13\" \/><meta itemprop=\"dateModified\" content=\"2022-10-14\" \/><meta itemprop=\"name\" content=\"Beaver Paper\"\/><meta itemprop=\"url\" content=\"https:\/\/www.beaverpaper.com\/wp-content\/uploads\/2020\/09\/BP-Logo_Stacked_Koehler3-2-20.jpg\"\/><meta itemprop=\"url\" content=\"https:\/\/www.beaverpaper.com\/author\/bdent\/\" \/><meta itemprop=\"name\" content=\"Brian Dent\" \/><meta itemprop=\"url\" content=\"https:\/\/www.beaverpaper.com\/wp-content\/uploads\/2022\/10\/Home-Wallpaper-PPA2022-scaled.jpg\" \/><meta itemprop=\"width\" content=\"2560\" \/><meta itemprop=\"height\" content=\"1442\" \/><meta itemprop=\"interactionType\" content=\"https:\/\/schema.org\/CommentAction\" \/><meta itemprop=\"userInteractionCount\" content=\"0\" \/>\n\t\t\t\t\t\t<a href='https:\/\/www.beaverpaper.com\/es\/beaver-papers-fashionwalls-wins-the-pinnacle-product-award-for-media-textile-traditional-wall-covering\/' title='Beaver Paper&#8217;s FashionWalls Wins The Pinnacle Product Award for Media &#8211; Textile &#8211; Traditional Wall Covering'><img width=\"1024\" height=\"577\" data-src=\"https:\/\/www.beaverpaper.com\/wp-content\/uploads\/2022\/10\/Home-Wallpaper-PPA2022-1024x577.jpg\" alt=\"Beaver Paper FashionWalls Wins Pinnacle Product Award\" itemprop=\"image\" decoding=\"async\" data-srcset=\"https:\/\/www.beaverpaper.com\/wp-content\/uploads\/2022\/10\/Home-Wallpaper-PPA2022-1024x577.jpg 1024w, https:\/\/www.beaverpaper.com\/wp-content\/uploads\/2022\/10\/Home-Wallpaper-PPA2022-300x169.jpg 300w, https:\/\/www.beaverpaper.com\/wp-content\/uploads\/2022\/10\/Home-Wallpaper-PPA2022-768x433.jpg 768w, https:\/\/www.beaverpaper.com\/wp-content\/uploads\/2022\/10\/Home-Wallpaper-PPA2022-1536x865.jpg 1536w, https:\/\/www.beaverpaper.com\/wp-content\/uploads\/2022\/10\/Home-Wallpaper-PPA2022-2048x1154.jpg 2048w, https:\/\/www.beaverpaper.com\/wp-content\/uploads\/2022\/10\/Home-Wallpaper-PPA2022-18x10.jpg 18w\" data-sizes=\"(max-width: 1024px) 100vw, 1024px\" src=\"data:image\/svg+xml;base64,PHN2ZyB3aWR0aD0iMSIgaGVpZ2h0PSIxIiB4bWxucz0iaHR0cDovL3d3dy53My5vcmcvMjAwMC9zdmciPjwvc3ZnPg==\" class=\"lazyload\" style=\"--smush-placeholder-width: 1024px; --smush-placeholder-aspect-ratio: 1024\/577;\" \/><\/a>\n\t\t\t\t\t<a href=\"https:\/\/www.beaverpaper.com\/es\/category\/news\/\" rel=\"tag\">Noticias<\/a>, <a href=\"https:\/\/www.beaverpaper.com\/es\/category\/products\/\" rel=\"tag\">Productos<\/a>, <a href=\"https:\/\/www.beaverpaper.com\/es\/category\/success-story\/\" rel=\"tag\">Historia exitosa<\/a>\n\t\t\t\t\t<h3><a href='https:\/\/www.beaverpaper.com\/es\/beaver-papers-fashionwalls-wins-the-pinnacle-product-award-for-media-textile-traditional-wall-covering\/' title='Beaver Paper&#8217;s FashionWalls Wins The Pinnacle Product Award for Media &#8211; Textile &#8211; Traditional Wall Covering'>Beaver Paper&#8217;s FashionWalls Wins The Pinnacle Product Award for Media &#8211; Textile &#8211; Traditional Wall Covering<\/a><\/h3>\n\t\t\t\t\t\n\t\t\t\t\t\t<a href='https:\/\/www.beaverpaper.com\/es\/beaver-papers-fashionwalls-wins-the-pinnacle-product-award-for-media-textile-traditional-wall-covering\/' title='Lee mas &quot;'>Lee mas &quot;<\/a>\n\t\t\t\t\t\n\t<meta itemscope itemprop=\"mainEntityOfPage\" itemtype=\"https:\/\/schema.org\/WebPage\" itemid=\"https:\/\/www.beaverpaper.com\/embracing-sustainability-as-an-organizational-strategy\/\" content=\"Embracing sustainability as an organizational strategy\" \/><meta itemprop=\"datePublished\" content=\"2022-09-27\" \/><meta itemprop=\"dateModified\" content=\"2022-09-27\" \/><meta itemprop=\"name\" content=\"Beaver Paper\"\/><meta itemprop=\"url\" content=\"https:\/\/www.beaverpaper.com\/wp-content\/uploads\/2020\/09\/BP-Logo_Stacked_Koehler3-2-20.jpg\"\/><meta itemprop=\"url\" content=\"https:\/\/www.beaverpaper.com\/author\/bdent\/\" \/><meta itemprop=\"name\" content=\"Brian Dent\" \/><meta itemprop=\"url\" content=\"https:\/\/www.beaverpaper.com\/wp-content\/uploads\/2022\/09\/Webinar-e1664289347994.jpg\" \/><meta itemprop=\"width\" content=\"1024\" \/><meta itemprop=\"height\" content=\"576\" \/><meta itemprop=\"interactionType\" content=\"https:\/\/schema.org\/CommentAction\" \/><meta itemprop=\"userInteractionCount\" content=\"0\" \/>\n\t\t\t\t\t\t<a href='https:\/\/www.beaverpaper.com\/es\/embracing-sustainability-as-an-organizational-strategy\/' title='Embracing sustainability as an organizational strategy'><img width=\"1024\" height=\"576\" data-src=\"https:\/\/www.beaverpaper.com\/wp-content\/uploads\/2022\/09\/Webinar-1024x576.jpg\" alt=\"\" itemprop=\"image\" decoding=\"async\" data-srcset=\"https:\/\/www.beaverpaper.com\/wp-content\/uploads\/2022\/09\/Webinar-e1664289347994.jpg 1024w, https:\/\/www.beaverpaper.com\/wp-content\/uploads\/2022\/09\/Webinar-e1664289347994-300x169.jpg 300w, https:\/\/www.beaverpaper.com\/wp-content\/uploads\/2022\/09\/Webinar-e1664289347994-768x432.jpg 768w, https:\/\/www.beaverpaper.com\/wp-content\/uploads\/2022\/09\/Webinar-e1664289347994-18x10.jpg 18w\" data-sizes=\"(max-width: 1024px) 100vw, 1024px\" src=\"data:image\/svg+xml;base64,PHN2ZyB3aWR0aD0iMSIgaGVpZ2h0PSIxIiB4bWxucz0iaHR0cDovL3d3dy53My5vcmcvMjAwMC9zdmciPjwvc3ZnPg==\" class=\"lazyload\" style=\"--smush-placeholder-width: 1024px; --smush-placeholder-aspect-ratio: 1024\/576;\" \/><\/a>\n\t\t\t\t\t<a href=\"https:\/\/www.beaverpaper.com\/es\/category\/news\/\" rel=\"tag\">Noticias<\/a>, <a href=\"https:\/\/www.beaverpaper.com\/es\/category\/webinar\/\" rel=\"tag\">Webinar<\/a>\n\t\t\t\t\t<h3><a href='https:\/\/www.beaverpaper.com\/es\/embracing-sustainability-as-an-organizational-strategy\/' title='Embracing sustainability as an organizational strategy'>Embracing sustainability as an organizational strategy<\/a><\/h3>\n\t\t\t\t\t\n\t\t\t\t\t\t<a href='https:\/\/www.beaverpaper.com\/es\/embracing-sustainability-as-an-organizational-strategy\/' title='Lee mas &quot;'>Lee mas &quot;<\/a>\n\t\t\t\t\t\n\t<meta itemscope itemprop=\"mainEntityOfPage\" itemtype=\"https:\/\/schema.org\/WebPage\" itemid=\"https:\/\/www.beaverpaper.com\/game-of-the-year-koehler-paper-contributes-to-prize-winning-product\/\" content=\"\"game of the year\": koehler paper contributes to prize-winning product!\" \/><meta itemprop=\"datePublished\" content=\"2022-09-07\" \/><meta itemprop=\"dateModified\" content=\"2022-09-08\" \/><meta itemprop=\"name\" content=\"Beaver Paper\"\/><meta itemprop=\"url\" content=\"https:\/\/www.beaverpaper.com\/wp-content\/uploads\/2020\/09\/BP-Logo_Stacked_Koehler3-2-20.jpg\"\/><meta itemprop=\"url\" content=\"https:\/\/www.beaverpaper.com\/author\/bdent\/\" \/><meta itemprop=\"name\" content=\"Brian Dent\" \/><meta itemprop=\"url\" content=\"https:\/\/www.beaverpaper.com\/wp-content\/uploads\/2022\/09\/Koehler-Cascadia-copy.jpg\" \/><meta itemprop=\"width\" content=\"1024\" \/><meta itemprop=\"height\" content=\"425\" \/><meta itemprop=\"interactionType\" content=\"https:\/\/schema.org\/CommentAction\" \/><meta itemprop=\"userInteractionCount\" content=\"0\" \/>\n\t\t\t\t\t\t<a href='https:\/\/www.beaverpaper.com\/es\/game-of-the-year-koehler-paper-contributes-to-prize-winning-product\/' title='\"Game of the Year\": Koehler Paper Contributes to Prize-Winning Product!'><img width=\"1024\" height=\"425\" data-src=\"https:\/\/www.beaverpaper.com\/wp-content\/uploads\/2022\/09\/Koehler-Cascadia-copy.jpg\" alt=\"\" itemprop=\"image\" decoding=\"async\" data-srcset=\"https:\/\/www.beaverpaper.com\/wp-content\/uploads\/2022\/09\/Koehler-Cascadia-copy.jpg 1024w, https:\/\/www.beaverpaper.com\/wp-content\/uploads\/2022\/09\/Koehler-Cascadia-copy-300x125.jpg 300w, https:\/\/www.beaverpaper.com\/wp-content\/uploads\/2022\/09\/Koehler-Cascadia-copy-768x319.jpg 768w, https:\/\/www.beaverpaper.com\/wp-content\/uploads\/2022\/09\/Koehler-Cascadia-copy-18x7.jpg 18w\" data-sizes=\"(max-width: 1024px) 100vw, 1024px\" src=\"data:image\/svg+xml;base64,PHN2ZyB3aWR0aD0iMSIgaGVpZ2h0PSIxIiB4bWxucz0iaHR0cDovL3d3dy53My5vcmcvMjAwMC9zdmciPjwvc3ZnPg==\" class=\"lazyload\" style=\"--smush-placeholder-width: 1024px; --smush-placeholder-aspect-ratio: 1024\/425;\" \/><\/a>\n\t\t\t\t\t<a href=\"https:\/\/www.beaverpaper.com\/es\/category\/news\/\" rel=\"tag\">Noticias<\/a>\n\t\t\t\t\t<h3><a href='https:\/\/www.beaverpaper.com\/es\/game-of-the-year-koehler-paper-contributes-to-prize-winning-product\/' title='\"Game of the Year\": Koehler Paper Contributes to Prize-Winning Product!'>&#8220;Game of the Year&#8221;: Koehler Paper Contributes to Prize-Winning Product!<\/a><\/h3>\n\t\t\t\t\t\n\t\t\t\t\t\t<a href='https:\/\/www.beaverpaper.com\/es\/game-of-the-year-koehler-paper-contributes-to-prize-winning-product\/' title='Lee mas &quot;'>Lee mas &quot;<\/a>\n\t\t\t\t\t\n\t<meta itemscope itemprop=\"mainEntityOfPage\" itemtype=\"https:\/\/schema.org\/WebPage\" itemid=\"https:\/\/www.beaverpaper.com\/beaver-paper-enters-the-sustainable-packaging-field-with-new-texseal-eco-pouches\/\" content=\"Beaver Paper Enters the Sustainable Packaging Field with New TexSeal\u2122 Eco Pouches\" \/><meta itemprop=\"datePublished\" content=\"2022-09-07\" \/><meta itemprop=\"dateModified\" content=\"2022-09-07\" \/><meta itemprop=\"name\" content=\"Beaver Paper\"\/><meta itemprop=\"url\" content=\"https:\/\/www.beaverpaper.com\/wp-content\/uploads\/2020\/09\/BP-Logo_Stacked_Koehler3-2-20.jpg\"\/><meta itemprop=\"url\" content=\"https:\/\/www.beaverpaper.com\/author\/bdent\/\" \/><meta itemprop=\"name\" content=\"Brian Dent\" \/><meta itemprop=\"url\" content=\"https:\/\/www.beaverpaper.com\/wp-content\/uploads\/2022\/09\/TexSeal-Mockup-Close-Blue-Background-Web-Banner.jpg\" \/><meta itemprop=\"width\" content=\"1024\" \/><meta itemprop=\"height\" content=\"425\" \/><meta itemprop=\"interactionType\" content=\"https:\/\/schema.org\/CommentAction\" \/><meta itemprop=\"userInteractionCount\" content=\"0\" \/>\n\t\t\t\t\t\t<a href='https:\/\/www.beaverpaper.com\/es\/beaver-paper-enters-the-sustainable-packaging-field-with-new-texseal-eco-pouches\/' title='Beaver Paper Enters the Sustainable Packaging Field with New TexSeal\u2122 Eco Pouches'><img width=\"1024\" height=\"425\" data-src=\"https:\/\/www.beaverpaper.com\/wp-content\/uploads\/2022\/09\/TexSeal-Mockup-Close-Blue-Background-Web-Banner.jpg\" alt=\"\" itemprop=\"image\" decoding=\"async\" data-srcset=\"https:\/\/www.beaverpaper.com\/wp-content\/uploads\/2022\/09\/TexSeal-Mockup-Close-Blue-Background-Web-Banner.jpg 1024w, https:\/\/www.beaverpaper.com\/wp-content\/uploads\/2022\/09\/TexSeal-Mockup-Close-Blue-Background-Web-Banner-300x125.jpg 300w, https:\/\/www.beaverpaper.com\/wp-content\/uploads\/2022\/09\/TexSeal-Mockup-Close-Blue-Background-Web-Banner-768x319.jpg 768w, https:\/\/www.beaverpaper.com\/wp-content\/uploads\/2022\/09\/TexSeal-Mockup-Close-Blue-Background-Web-Banner-18x7.jpg 18w\" data-sizes=\"(max-width: 1024px) 100vw, 1024px\" src=\"data:image\/svg+xml;base64,PHN2ZyB3aWR0aD0iMSIgaGVpZ2h0PSIxIiB4bWxucz0iaHR0cDovL3d3dy53My5vcmcvMjAwMC9zdmciPjwvc3ZnPg==\" class=\"lazyload\" style=\"--smush-placeholder-width: 1024px; --smush-placeholder-aspect-ratio: 1024\/425;\" \/><\/a>\n\t\t\t\t\t<a href=\"https:\/\/www.beaverpaper.com\/es\/category\/news\/\" rel=\"tag\">Noticias<\/a>\n\t\t\t\t\t<h3><a href='https:\/\/www.beaverpaper.com\/es\/beaver-paper-enters-the-sustainable-packaging-field-with-new-texseal-eco-pouches\/' title='Beaver Paper Enters the Sustainable Packaging Field with New TexSeal\u2122 Eco Pouches'>Beaver Paper Enters the Sustainable Packaging Field with New TexSeal\u2122 Eco Pouches<\/a><\/h3>\n\t\t\t\t\t\n\t\t\t\t\t\t<a href='https:\/\/www.beaverpaper.com\/es\/beaver-paper-enters-the-sustainable-packaging-field-with-new-texseal-eco-pouches\/' title='Lee mas &quot;'>Lee mas &quot;<\/a>","protected":false},"excerpt":{"rendered":"<p>BRAND STORY Beaver Paper is a globally recognized producer of TexPrint\u00ae sublimation paper, ProTex\u00ae tissue and TexStyles\u00ae graphic fabrics for the dye-sublimation and digital print industry. With 40 years of experience, Beaver Paper offers the most comprehensive product portfolio for sublimation media for use in a variety of applications. SUBLIMATION SOLUTIONS As a leader in&hellip;<\/p>","protected":false},"author":12,"featured_media":0,"parent":0,"menu_order":0,"comment_status":"closed","ping_status":"closed","template":"","meta":{"_acf_changed":false,"_coblocks_attr":"","_coblocks_dimensions":"","_coblocks_responsive_height":"","_coblocks_accordion_ie_support":"","footnotes":""},"yst_prominent_words":[],"class_list":["post-2838","page","type-page","status-publish","hentry"],"acf":[],"_links":{"self":[{"href":"https:\/\/www.beaverpaper.com\/es\/wp-json\/wp\/v2\/pages\/2838","targetHints":{"allow":["GET"]}}],"collection":[{"href":"https:\/\/www.beaverpaper.com\/es\/wp-json\/wp\/v2\/pages"}],"about":[{"href":"https:\/\/www.beaverpaper.com\/es\/wp-json\/wp\/v2\/types\/page"}],"author":[{"embeddable":true,"href":"https:\/\/www.beaverpaper.com\/es\/wp-json\/wp\/v2\/users\/12"}],"replies":[{"embeddable":true,"href":"https:\/\/www.beaverpaper.com\/es\/wp-json\/wp\/v2\/comments?post=2838"}],"version-history":[{"count":50,"href":"https:\/\/www.beaverpaper.com\/es\/wp-json\/wp\/v2\/pages\/2838\/revisions"}],"predecessor-version":[{"id":2954,"href":"https:\/\/www.beaverpaper.com\/es\/wp-json\/wp\/v2\/pages\/2838\/revisions\/2954"}],"wp:attachment":[{"href":"https:\/\/www.beaverpaper.com\/es\/wp-json\/wp\/v2\/media?parent=2838"}],"wp:term":[{"taxonomy":"yst_prominent_words","embeddable":true,"href":"https:\/\/www.beaverpaper.com\/es\/wp-json\/wp\/v2\/yst_prominent_words?post=2838"}],"curies":[{"name":"wp","href":"https:\/\/api.w.org\/{rel}","templated":true}]}}