{"id":249,"date":"2020-09-08T15:30:58","date_gmt":"2020-09-08T15:30:58","guid":{"rendered":"https:\/\/www.beaverpaper.com\/?page_id=249"},"modified":"2025-04-16T16:23:43","modified_gmt":"2025-04-16T16:23:43","slug":"texprint-for-desktop","status":"publish","type":"page","link":"https:\/\/www.beaverpaper.com\/es\/texprint-for-desktop\/","title":{"rendered":"TexPrint For Desktop"},"content":{"rendered":"<img decoding=\"async\" data-src=\"https:\/\/www.beaverpaper.com\/wp-content\/uploads\/2020\/09\/Photo-Feb-16-10-52-28-AM-scaled.jpg\" alt=\"\" src=\"data:image\/svg+xml;base64,PHN2ZyB3aWR0aD0iMSIgaGVpZ2h0PSIxIiB4bWxucz0iaHR0cDovL3d3dy53My5vcmcvMjAwMC9zdmciPjwvc3ZnPg==\" class=\"lazyload\" style=\"--smush-placeholder-width: 2560px; --smush-placeholder-aspect-ratio: 2560\/1388;\" \/>\t\t\t\n\t\t\t\t<p><img decoding=\"async\" data-src=\"https:\/\/www.beaverpaper.com\/wp-content\/uploads\/2024\/06\/TexPrint-DT-Logo.png\" src=\"data:image\/svg+xml;base64,PHN2ZyB3aWR0aD0iMSIgaGVpZ2h0PSIxIiB4bWxucz0iaHR0cDovL3d3dy53My5vcmcvMjAwMC9zdmciPjwvc3ZnPg==\" class=\"lazyload\" style=\"--smush-placeholder-width: 2977px; --smush-placeholder-aspect-ratio: 2977\/434;\" \/><\/p>\n<h4>Papel de sublimaci\u00f3n digital para impresi\u00f3n de escritorio<\/h4>\n<p>The world&#8217;s number one selling desktop dye-sublimation paper, TexPrint\u00aeDT delivers excellent dimensional stability and absorbs the heaviest ink loads. TexPrint\u00aeDT dries instantly, eliminates offsetting, produces the most vibrant color transfers and provides consistent, high-quality printing every time!<\/p>\n\t\t\t<img decoding=\"async\" data-src=\"https:\/\/www.beaverpaper.com\/wp-content\/uploads\/2020\/09\/DSC00234.jpg\" alt=\"\" src=\"data:image\/svg+xml;base64,PHN2ZyB3aWR0aD0iMSIgaGVpZ2h0PSIxIiB4bWxucz0iaHR0cDovL3d3dy53My5vcmcvMjAwMC9zdmciPjwvc3ZnPg==\" class=\"lazyload\" style=\"--smush-placeholder-width: 2000px; --smush-placeholder-aspect-ratio: 2000\/1035;\" \/>\t\t\t\n\t\t\t\t<p><img decoding=\"async\" data-src=\"https:\/\/www.beaverpaper.com\/wp-content\/uploads\/2024\/06\/TexPrint-DT-Logo.png\" alt=\"TexPrint DT\" src=\"data:image\/svg+xml;base64,PHN2ZyB3aWR0aD0iMSIgaGVpZ2h0PSIxIiB4bWxucz0iaHR0cDovL3d3dy53My5vcmcvMjAwMC9zdmciPjwvc3ZnPg==\" class=\"lazyload\" style=\"--smush-placeholder-width: 2977px; --smush-placeholder-aspect-ratio: 2977\/434;\" \/><\/p>\n<h4>Papel de sublimaci\u00f3n digital para impresi\u00f3n de escritorio<\/h4>\n<p>The world&#8217;s number one selling desktop dye-sublimation paper, TexPrint\u00aeDT delivers excellent dimensional stability and absorbs the heaviest ink loads. TexPrint\u00aeDT dries instantly, eliminates offsetting, produces the most vibrant color transfers and provides consistent, high-quality printing every time!<\/p>\n\t\t\t\t<img decoding=\"async\" data-src=\"https:\/\/www.beaverpaper.com\/wp-content\/uploads\/2024\/06\/TexPrint-DT-2.jpg\" alt=\"TexPrint-DT-2\" itemprop=\"image\" height=\"825\" width=\"828\" title=\"TexPrint-DT-2\" onerror=\"this.style.display='none'\" src=\"data:image\/svg+xml;base64,PHN2ZyB3aWR0aD0iMSIgaGVpZ2h0PSIxIiB4bWxucz0iaHR0cDovL3d3dy53My5vcmcvMjAwMC9zdmciPjwvc3ZnPg==\" class=\"lazyload\" style=\"--smush-placeholder-width: 828px; --smush-placeholder-aspect-ratio: 828\/825;\" \/>\n\t\t\t\t<img decoding=\"async\" data-src=\"https:\/\/www.beaverpaper.com\/wp-content\/uploads\/2024\/06\/TexPrint-DTR-Heavy-Logo.png\" alt=\"TexPrint-DTR-Heavy-Logo\" itemprop=\"image\" height=\"494\" width=\"3118\" title=\"TexPrint-DTR-Heavy-Logo\" onerror=\"this.style.display='none'\" src=\"data:image\/svg+xml;base64,PHN2ZyB3aWR0aD0iMSIgaGVpZ2h0PSIxIiB4bWxucz0iaHR0cDovL3d3dy53My5vcmcvMjAwMC9zdmciPjwvc3ZnPg==\" class=\"lazyload\" style=\"--smush-placeholder-width: 3118px; --smush-placeholder-aspect-ratio: 3118\/494;\" \/>\n\t<p>Our heavy-weight desktop dye-sub paper is available in a variety of sheet sizes. The coating on our DT\/H is designed to work well with Ricoh and Virtuoso gel-resin ink systems. We offer the broadest selection of desktop sheet sizes. Get exactly the right size, put-up and pack that&#8217;s most efficient for your production environment.<\/p>\n\t\t\t<a href=\"https:\/\/www.beaverpaper.com\/wp-content\/uploads\/2025\/04\/2025-TexPrint-DT-Light-Heavy.pdf\" target=\"_blank\" role=\"button\" rel=\"noopener\">\n\t\t\t\t\t\t\tDescargar hoja de datos\n\t\t\t\t\t<\/a>\n\t\t\t\t\t\tVer resumen de datos\n\t\t\t<p><strong>GSM: <\/strong>120 GSM<\/p>\n<p><strong>INK:<\/strong>\u00a0Water-based<\/p>\n<p><strong>PRINTERS:<\/strong><\/p>\n<p>Ricoh and Virtuoso desktop printers<\/p>\n<p><strong>APPLICATIONS:<\/strong><\/p>\n<p>Soft and hard substrates.<\/p>\n\t\t\t\t<img decoding=\"async\" data-src=\"https:\/\/www.beaverpaper.com\/wp-content\/uploads\/2024\/06\/TexPrint-DT-scaled.jpg\" alt=\"TexPrint DT\" itemprop=\"image\" height=\"1706\" width=\"2560\" title=\"TexPrint DT\" onerror=\"this.style.display='none'\" src=\"data:image\/svg+xml;base64,PHN2ZyB3aWR0aD0iMSIgaGVpZ2h0PSIxIiB4bWxucz0iaHR0cDovL3d3dy53My5vcmcvMjAwMC9zdmciPjwvc3ZnPg==\" class=\"lazyload\" style=\"--smush-placeholder-width: 2560px; --smush-placeholder-aspect-ratio: 2560\/1706;\" \/>\n\t\t\t\t<img decoding=\"async\" data-src=\"https:\/\/www.beaverpaper.com\/wp-content\/uploads\/2024\/06\/TexPrint-DTXP-Light-Logo.png\" alt=\"TexPrint-DTXP-Light-Logo\" itemprop=\"image\" height=\"491\" width=\"3052\" title=\"TexPrint-DTXP-Light-Logo\" onerror=\"this.style.display='none'\" src=\"data:image\/svg+xml;base64,PHN2ZyB3aWR0aD0iMSIgaGVpZ2h0PSIxIiB4bWxucz0iaHR0cDovL3d3dy53My5vcmcvMjAwMC9zdmciPjwvc3ZnPg==\" class=\"lazyload\" style=\"--smush-placeholder-width: 3052px; --smush-placeholder-aspect-ratio: 3052\/491;\" \/>\n\t<p>Nuestro recubrimiento de papel de sublimaci\u00f3n de tinta de escritorio liviano est\u00e1 dise\u00f1ado para funcionar con impresoras Epson Piezo. Los papeles DT \/ light est\u00e1n disponibles en una amplia variedad de hojas y tama\u00f1os de rollo. Utilizado por impresoras de escritorio en todo el mundo, DT se utiliza para crear im\u00e1genes de innumerables objetos y funciona excepcionalmente bien en sustratos duros y blandos.<\/p>\n\t\t\t<a href=\"https:\/\/www.beaverpaper.com\/wp-content\/uploads\/2025\/04\/2025-TexPrint-DT-Light-Heavy.pdf\" target=\"_blank\" role=\"button\" rel=\"noopener\">\n\t\t\t\t\t\t\tDescargar hoja de datos\n\t\t\t\t\t<\/a>\n\t\t\t\t\t\tVer resumen de datos\n\t\t\t<p><strong>GSM: <\/strong>105 GSM<\/p>\n<p><strong>INK:<\/strong>\u00a0Water-based<\/p>\n<p><strong>PRINTERS:<\/strong><\/p>\n<p>Epson desktop sheets and roll printers.<\/p>\n<p><strong>APPLICATIONS:<\/strong><\/p>\n<p>Soft and Hard substrates.<\/p>","protected":false},"excerpt":{"rendered":"<p>Digital Dye-Sublimation Paper for Desktop Printing The world&#8217;s number one selling desktop dye-sublimation paper, TexPrint\u00aeDT delivers excellent dimensional stability and absorbs the heaviest ink loads. TexPrint\u00aeDT dries instantly, eliminates offsetting, produces the most vibrant color transfers and provides consistent, high-quality printing every time! Digital Dye-Sublimation Paper for Desktop Printing The world&#8217;s number one selling desktop&hellip;<\/p>","protected":false},"author":3,"featured_media":0,"parent":0,"menu_order":0,"comment_status":"closed","ping_status":"closed","template":"","meta":{"_acf_changed":false,"_coblocks_attr":"","_coblocks_dimensions":"","_coblocks_responsive_height":"","_coblocks_accordion_ie_support":"","footnotes":""},"yst_prominent_words":[],"class_list":["post-249","page","type-page","status-publish","hentry"],"acf":[],"_links":{"self":[{"href":"https:\/\/www.beaverpaper.com\/es\/wp-json\/wp\/v2\/pages\/249","targetHints":{"allow":["GET"]}}],"collection":[{"href":"https:\/\/www.beaverpaper.com\/es\/wp-json\/wp\/v2\/pages"}],"about":[{"href":"https:\/\/www.beaverpaper.com\/es\/wp-json\/wp\/v2\/types\/page"}],"author":[{"embeddable":true,"href":"https:\/\/www.beaverpaper.com\/es\/wp-json\/wp\/v2\/users\/3"}],"replies":[{"embeddable":true,"href":"https:\/\/www.beaverpaper.com\/es\/wp-json\/wp\/v2\/comments?post=249"}],"version-history":[{"count":27,"href":"https:\/\/www.beaverpaper.com\/es\/wp-json\/wp\/v2\/pages\/249\/revisions"}],"predecessor-version":[{"id":3339,"href":"https:\/\/www.beaverpaper.com\/es\/wp-json\/wp\/v2\/pages\/249\/revisions\/3339"}],"wp:attachment":[{"href":"https:\/\/www.beaverpaper.com\/es\/wp-json\/wp\/v2\/media?parent=249"}],"wp:term":[{"taxonomy":"yst_prominent_words","embeddable":true,"href":"https:\/\/www.beaverpaper.com\/es\/wp-json\/wp\/v2\/yst_prominent_words?post=249"}],"curies":[{"name":"wp","href":"https:\/\/api.w.org\/{rel}","templated":true}]}}