{"id":1007,"date":"2020-09-21T17:07:57","date_gmt":"2020-09-21T17:07:57","guid":{"rendered":"https:\/\/www.beaverpaper.com\/protex-protection-tissue\/"},"modified":"2025-04-16T16:25:16","modified_gmt":"2025-04-16T16:25:16","slug":"protex-protection-tissue","status":"publish","type":"page","link":"https:\/\/www.beaverpaper.com\/es\/protex-protection-tissue\/","title":{"rendered":"Protex Protection Tissue"},"content":{"rendered":"<img decoding=\"async\" data-src=\"https:\/\/www.beaverpaper.com\/wp-content\/uploads\/2020\/09\/ProTex-Tissue-2-Beaver-Paper-scaled.jpg\" alt=\"\" src=\"data:image\/svg+xml;base64,PHN2ZyB3aWR0aD0iMSIgaGVpZ2h0PSIxIiB4bWxucz0iaHR0cDovL3d3dy53My5vcmcvMjAwMC9zdmciPjwvc3ZnPg==\" class=\"lazyload\" style=\"--smush-placeholder-width: 2560px; --smush-placeholder-aspect-ratio: 2560\/1696;\" \/>\t\t\t\n\t\t\t\t<p><img decoding=\"async\" data-src=\"https:\/\/www.beaverpaper.com\/wp-content\/uploads\/2020\/09\/pro-tex-logo.png\" alt=\"TexPrint DT\" src=\"data:image\/svg+xml;base64,PHN2ZyB3aWR0aD0iMSIgaGVpZ2h0PSIxIiB4bWxucz0iaHR0cDovL3d3dy53My5vcmcvMjAwMC9zdmciPjwvc3ZnPg==\" class=\"lazyload\" style=\"--smush-placeholder-width: 196px; --smush-placeholder-aspect-ratio: 196\/54;\" \/><\/p>\n<h4>Ertragreiches Schutzgewebe f\u00fcr Heizkalander zur Thermosublimation<\/h4>\n<p>Das recycelbare ProTex\u2122 Gewebe ist so konzipiert, dass es alle \u00fcbersch\u00fcssigen Tinten auff\u00e4ngt, die durch oder \u00fcber die Kanten des Stoffs hinaus \u00fcbertragen werden. Wir bieten mehr Breiten und Durchmesser an als jedes andere Unternehmen. Mit \u00fcber einer halben Million Kilogramm Warenbestand und in der Pipeline, sichern wir Sie ab!<\/p>\n\t\t\t<img decoding=\"async\" data-src=\"https:\/\/www.beaverpaper.com\/wp-content\/uploads\/2020\/09\/ProTex-scaled.jpg\" alt=\"\" src=\"data:image\/svg+xml;base64,PHN2ZyB3aWR0aD0iMSIgaGVpZ2h0PSIxIiB4bWxucz0iaHR0cDovL3d3dy53My5vcmcvMjAwMC9zdmciPjwvc3ZnPg==\" class=\"lazyload\" style=\"--smush-placeholder-width: 2560px; --smush-placeholder-aspect-ratio: 2560\/1743;\" \/>\t\t\t\n\t\t\t\t<p><img decoding=\"async\" data-src=\"https:\/\/www.beaverpaper.com\/wp-content\/uploads\/2020\/09\/pro-tex-logo.png\" alt=\"TexPrint DT\" src=\"data:image\/svg+xml;base64,PHN2ZyB3aWR0aD0iMSIgaGVpZ2h0PSIxIiB4bWxucz0iaHR0cDovL3d3dy53My5vcmcvMjAwMC9zdmciPjwvc3ZnPg==\" class=\"lazyload\" style=\"--smush-placeholder-width: 196px; --smush-placeholder-aspect-ratio: 196\/54;\" \/><\/p>\n<h4>Ertragreiches Schutzgewebe f\u00fcr Heizkalander zur Thermosublimation<\/h4>\n<p>Das recycelbare ProTex\u2122 Gewebe ist so konzipiert, dass es alle \u00fcbersch\u00fcssigen Tinten auff\u00e4ngt, die durch oder \u00fcber die Kanten des Stoffs hinaus \u00fcbertragen werden. Wir bieten mehr Breiten und Durchmesser an als jedes andere Unternehmen. Mit \u00fcber einer halben Million Kilogramm Warenbestand und in der Pipeline, sichern wir Sie ab!<\/p>\n\t\t\t\t<img decoding=\"async\" data-src=\"https:\/\/www.beaverpaper.com\/wp-content\/uploads\/2020\/09\/protective-transfer-paper-36-x9-roll-867774.jpg\" alt=\"papel-protector-de-transferencia-36-x9-roll-867774\" itemprop=\"image\" height=\"297\" width=\"500\" title=\"papel-protector-de-transferencia-36-x9-roll-867774\" onerror=\"this.style.display='none'\" src=\"data:image\/svg+xml;base64,PHN2ZyB3aWR0aD0iMSIgaGVpZ2h0PSIxIiB4bWxucz0iaHR0cDovL3d3dy53My5vcmcvMjAwMC9zdmciPjwvc3ZnPg==\" class=\"lazyload\" style=\"--smush-placeholder-width: 500px; --smush-placeholder-aspect-ratio: 500\/297;\" \/>\n\t<p>Die hochdichte, hervorragend geformte nat\u00fcrliche Eukalyptusfaserzusammensetzung des Gewebes ProTex\u2122 bietet den h\u00f6chsten Ertrag und st\u00e4rksten Barriereschutz. Seine hitzebest\u00e4ndigen Eigenschaften verl\u00e4ngern die Lebensdauer des Kalanderbandes, indem verhindert wird, dass die Gase der Thermosublimation das umlaufende Band der Kalanderpresse verunreinigen. Seine hohe Zugfestigkeit verhindert das Ausrei\u00dfen der Stoffbahn. Mit den l\u00e4ngeren Rollenl\u00e4ngen des ProTex\u2122 Gewebe sparen Sie Zeit durch gezielte Rollenwechsel. Kompatibel mit ALLEN \u00f6l- und elektrisch beheizten Drehtrommel-Kalandern.<\/p>\n<p>Die wichtigsten Eigenschaften von ProTex\u2122<\/p>\n<ul>\n<li>Niedrigeres Fl\u00e4chengewicht: Reduziert die Kosten pro Quadratmeter, sowie die Kosten f\u00fcr Transport, Lagerung und Entsorgung<\/li>\n<li>Nat\u00fcrliche Farbe: Keine Bleichmittel, weniger sch\u00e4dlich f\u00fcr die Umwelt<\/li>\n<li>L\u00e4ngere Rollenbahn: Weniger Rollenwechsel, weniger Ausfallzeiten<\/li>\n<li>Formaldehydfrei: Verhindert eine Hauptursache f\u00fcr w\u00e4rmeinduzierte Textilvergilbung<\/li>\n<li>pH-neutral: Beh\u00e4lt h\u00f6chste Zugfestigkeit auch nach l\u00e4ngerer Hitzeeinwirkung bei<\/li>\n<li>Recycelbar: 100% recycelbare Inhaltsstoffe durch hochdichte, nat\u00fcrliche Eukalyptus-Barriere<\/li>\n<\/ul>\n\t\t\t<a href=\"https:\/\/www.beaverpaper.com\/wp-content\/uploads\/2025\/04\/2025-ProTex.pdf\" target=\"_blank\" role=\"button\" rel=\"noopener\">\n\t\t\t\t\t\t\tDownload Datasheet\n\t\t\t\t\t<\/a>\n\t\t\t\t\t\tVer resumen de datos\n\t\t\t<p><strong>GSM &#8211;\u00a0<\/strong>19 g \/ m2<br \/>\u00a0 \u00a0 \u00a0 \u00a0 \u00a0 \u00a0 <strong>\u00a0<\/strong>25 g \/ m2<\/p>\n<p><strong>INK &#8211;\u00a0<\/strong>Tintas a base de agua y a base de solvente<\/p>\n<p><strong>PRENSAS\u00a0<\/strong>&#8211;\u00a0Rotary &amp; Calender heat presses: Monti Antonio, Practix, AIT, Kleiverik, Transmatic, Metalnox<\/p>\n<p><strong>TAMA\u00d1OS\u00a0<\/strong>&#8211; <strong>19 g \/ m2<\/strong> &#8211; 14&#8243;\/36cm, 54&#8243;\/1. m, 66&#8243; \/ 1.7m, 84&#8243; \/ 2.1 m, 36&#8243;\/91cm, 58&#8243;\/1.4m, 68&#8243;\/1.7m, 96&#8243;\/2.4m, 40&#8243;\/1m, 60&#8243;\/1.5m, 72&#8243;\/1.8m, 104&#8243; \/ 2.6 m 48&#8243; \/1.2m, 64&#8243;\/1.6m, 80 \/2m, 130&#8243;\/3.3m <br \/><strong>25 g \/ m2<\/strong> &#8211; 126&#8243;\/3.2m<\/p>\n<p><strong>APLICACIONES<\/strong>\u00a0&#8211;\u00a0For use on Large and Grand Format Rotary Heat Calendars<\/p>","protected":false},"excerpt":{"rendered":"<p>Ertragreiches Schutzgewebe f\u00fcr Heizkalander zur Thermosublimation Das recycelbare ProTex\u2122 Gewebe ist so konzipiert, dass es alle \u00fcbersch\u00fcssigen Tinten auff\u00e4ngt, die durch oder \u00fcber die Kanten des Stoffs hinaus \u00fcbertragen werden. Wir bieten mehr Breiten und Durchmesser an als jedes andere Unternehmen. Mit \u00fcber einer halben Million Kilogramm Warenbestand und in der Pipeline, sichern wir Sie&hellip;<\/p>","protected":false},"author":3,"featured_media":0,"parent":0,"menu_order":0,"comment_status":"closed","ping_status":"closed","template":"","meta":{"_acf_changed":false,"_coblocks_attr":"","_coblocks_dimensions":"","_coblocks_responsive_height":"","_coblocks_accordion_ie_support":"","footnotes":""},"yst_prominent_words":[],"class_list":["post-1007","page","type-page","status-publish","hentry"],"acf":[],"_links":{"self":[{"href":"https:\/\/www.beaverpaper.com\/es\/wp-json\/wp\/v2\/pages\/1007","targetHints":{"allow":["GET"]}}],"collection":[{"href":"https:\/\/www.beaverpaper.com\/es\/wp-json\/wp\/v2\/pages"}],"about":[{"href":"https:\/\/www.beaverpaper.com\/es\/wp-json\/wp\/v2\/types\/page"}],"author":[{"embeddable":true,"href":"https:\/\/www.beaverpaper.com\/es\/wp-json\/wp\/v2\/users\/3"}],"replies":[{"embeddable":true,"href":"https:\/\/www.beaverpaper.com\/es\/wp-json\/wp\/v2\/comments?post=1007"}],"version-history":[{"count":3,"href":"https:\/\/www.beaverpaper.com\/es\/wp-json\/wp\/v2\/pages\/1007\/revisions"}],"predecessor-version":[{"id":3340,"href":"https:\/\/www.beaverpaper.com\/es\/wp-json\/wp\/v2\/pages\/1007\/revisions\/3340"}],"wp:attachment":[{"href":"https:\/\/www.beaverpaper.com\/es\/wp-json\/wp\/v2\/media?parent=1007"}],"wp:term":[{"taxonomy":"yst_prominent_words","embeddable":true,"href":"https:\/\/www.beaverpaper.com\/es\/wp-json\/wp\/v2\/yst_prominent_words?post=1007"}],"curies":[{"name":"wp","href":"https:\/\/api.w.org\/{rel}","templated":true}]}}