{"id":676,"date":"2020-09-14T19:21:29","date_gmt":"2020-09-14T19:21:29","guid":{"rendered":"https:\/\/www.beaverpaper.com\/?page_id=676"},"modified":"2025-02-17T17:28:25","modified_gmt":"2025-02-17T17:28:25","slug":"texsewn-paper-products","status":"publish","type":"page","link":"https:\/\/www.beaverpaper.com\/de\/texsewn-paper-products\/","title":{"rendered":"TexSewn\u2122 Cut &amp; Sew Papers"},"content":{"rendered":"<img decoding=\"async\" data-src=\"https:\/\/www.beaverpaper.com\/wp-content\/uploads\/2020\/11\/hero.jpg\" alt=\"\" src=\"data:image\/svg+xml;base64,PHN2ZyB3aWR0aD0iMSIgaGVpZ2h0PSIxIiB4bWxucz0iaHR0cDovL3d3dy53My5vcmcvMjAwMC9zdmciPjwvc3ZnPg==\" class=\"lazyload\" style=\"--smush-placeholder-width: 1996px; --smush-placeholder-aspect-ratio: 1996\/1015;\" \/>\t\t\t\n\t\t\t\t<h1><img decoding=\"async\" data-src=\"https:\/\/www.beaverpaper.com\/wp-content\/uploads\/2024\/06\/TexSewn-Logo.png\" alt=\"TexPrint Fabric\" width=\"1057\" height=\"267\" src=\"data:image\/svg+xml;base64,PHN2ZyB3aWR0aD0iMSIgaGVpZ2h0PSIxIiB4bWxucz0iaHR0cDovL3d3dy53My5vcmcvMjAwMC9zdmciPjwvc3ZnPg==\" class=\"lazyload\" style=\"--smush-placeholder-width: 1057px; --smush-placeholder-aspect-ratio: 1057\/267;\" \/><\/h1>\n<p>&nbsp;<\/p>\n<p>TexSewn\u2122 family of high-performance papers offers a wide range of quality solutions for your Cut &amp; Sew applications. From the design room to the cutting room, TexSewn\u2122 products allow you to optimize your process while maintaining the highest production output. Standard and custom sizes are available. Whether you&#8217;re shipping locally or overseas, we&#8217;ll keep your orders on track and on time. Go right to the source &#8211; and save money!<\/p>\n\t\t\t\t<img decoding=\"async\" data-src=\"https:\/\/www.beaverpaper.com\/wp-content\/uploads\/2024\/06\/TexSewn-AdobeStock_222953530-scaled.jpg\" alt=\"TexSewn - AdobeStock_222953530\" itemprop=\"image\" height=\"1706\" width=\"2560\" title=\"TexSewn - AdobeStock_222953530\" onerror=\"this.style.display='none'\" src=\"data:image\/svg+xml;base64,PHN2ZyB3aWR0aD0iMSIgaGVpZ2h0PSIxIiB4bWxucz0iaHR0cDovL3d3dy53My5vcmcvMjAwMC9zdmciPjwvc3ZnPg==\" class=\"lazyload\" style=\"--smush-placeholder-width: 2560px; --smush-placeholder-aspect-ratio: 2560\/1706;\" \/>\n<h2>\n\t\tTexSewn\u2122 &#8211; Design Room\n\t<\/h2>\n\t<p>Beaver Paper erf\u00fcllt Ihre Anforderungen an das Musterdesign. Wir bieten Produkte von h\u00f6chster Qualit\u00e4t, die zur Optimierung Ihres anf\u00e4nglichen Designprozesses erforderlich sind.<\/p>\n<ul>\n<li><strong>Gepunktetes alphanumerisches Markierungspapier<\/strong><br \/>\n<em><\/em><em>TexSewn\u2122 bright white, high-quality marking paper makes pattern making a breeze.<\/em><\/li>\n<li><strong>Manila Tag<\/strong><br \/>\n<em><\/em><em>Unser starkes, leistungsstarkes Musterpapier optimiert jedes Projekt. Robust, zuverl\u00e4ssig und einfach zu bedienen.<\/em><\/li>\n<li><strong>Muster Plastikfolien<\/strong><br \/>\n<em><\/em><em>Durable and long lasting, our TexSewn\u2122 Pattern Plastic Sheets are easy to work with..<\/em><\/li>\n<li><strong>Premium Plotterpapier<\/strong><br \/>\n<em><\/em><em>Hochleistungsf\u00e4higes, ungestrichenes Papier f\u00fcr zuverl\u00e4ssigste Plotergebnisse. Hervorragend f\u00fcr die meisten CAD \/ CAM-Systeme.<\/em><\/li>\n<\/ul>\n\t\t\t\t<img decoding=\"async\" data-src=\"https:\/\/www.beaverpaper.com\/wp-content\/uploads\/2021\/02\/Cutting-Table.jpg\" alt=\"CNC-Maschine zum Schneiden von Textilien und Leder\" itemprop=\"image\" height=\"562\" width=\"938\" title=\"CNC-Maschine zum Schneiden von Textilien und Leder\" onerror=\"this.style.display='none'\" src=\"data:image\/svg+xml;base64,PHN2ZyB3aWR0aD0iMSIgaGVpZ2h0PSIxIiB4bWxucz0iaHR0cDovL3d3dy53My5vcmcvMjAwMC9zdmciPjwvc3ZnPg==\" class=\"lazyload\" style=\"--smush-placeholder-width: 938px; --smush-placeholder-aspect-ratio: 938\/562;\" \/>\n<h2>\n\t\tTexSewn\u2122 &#8211; Cutting Room\n\t<\/h2>\n\t<p>Beaver Paper erf\u00fcllt alle Anforderungen Ihres automatisierten Schneidraums, vom manuellen bis zum automatisierten Schneidvorgang. Mit unserem kompletten Sortiment an hochwertigen Schneidpapieren k\u00f6nnen Sie die h\u00f6chste Produktionsleistung erzielen.<\/p>\n<ul>\n<li><strong>Cutter Kraft Underlay<\/strong><br \/>\n<em>Sorgen Sie mit unserem hochwertigen Cutters Kraft Underlay f\u00fcr einen effizienten Betrieb. Glatt, robust und rei\u00dffest.<\/em><\/li>\n<li><strong>Perforierte Kraft<\/strong><br \/>\n<em>Our rugged Perforated Kraft paper provides peak performance on all cutting systems. Comes in micro perf. and one perf.<\/em><\/li>\n<li><strong>Gewachstes Kraftpapier<\/strong><br \/>\n<em>Excellent for automated or manual cutting operations, TexSewn\u2122 Waxed Kraft paper keeps your cutting blades cool preventing<\/em> <em>Ihre Stoffe verschmelzen nicht miteinander.<\/em><\/li>\n<li><strong>Perforierte gewachste Kraft<br \/>\n<\/strong><em>TexSewn\u2122 Perforated Waxed Kraft paper protects your fabrics while providing optimal on all automated cutting systems.\u00a0<\/em><\/li>\n<li><strong>Gewebe trennen<\/strong><br \/>\n<em>Unser leichtes, ertragreiches Trenngewebe eignet sich hervorragend f\u00fcr manuelle und automatisierte Schneidvorg\u00e4nge, bei denen Luft durchgelassen wird, um das Vakuum besser zu halten.<\/em><\/li>\n<li><strong>Poly Schneidfolie<\/strong><br \/>\n<em>Offered in high and low density, TexSewn\u2122 Poly Cutting Film is perfect for any computerized cutting system.<\/em><\/li>\n<\/ul>\n<h2>\n\t\tWhere to buy TexSewn\u2122 Products\n\t<\/h2>\n\t\t\t\t<a href=\"https:\/\/sunnysewingcenter.com\/index.php\/contact-us\/\" target=\"_blank\" rel=\"noopener\" itemprop=\"url\">\n\t\t\t\t<img decoding=\"async\" data-src=\"https:\/\/www.beaverpaper.com\/wp-content\/uploads\/2023\/03\/sunny_logo1-300x147.jpg\" alt=\"sunny_logo1\" itemprop=\"image\" height=\"147\" width=\"300\" title=\"sunny_logo1\" onerror=\"this.style.display='none'\" src=\"data:image\/svg+xml;base64,PHN2ZyB3aWR0aD0iMSIgaGVpZ2h0PSIxIiB4bWxucz0iaHR0cDovL3d3dy53My5vcmcvMjAwMC9zdmciPjwvc3ZnPg==\" class=\"lazyload\" style=\"--smush-placeholder-width: 300px; --smush-placeholder-aspect-ratio: 300\/147;\" \/>\n\t\t\t\t<\/a>\n\t\t\t\t<a href=\"https:\/\/www.enichols.com\/ContactUs\" target=\"_blank\" rel=\"noopener\" itemprop=\"url\">\n\t\t\t\t<img decoding=\"async\" data-src=\"https:\/\/www.beaverpaper.com\/wp-content\/uploads\/2022\/09\/Nichols_cobranded_rgb-1-300x182.jpg\" alt=\"Print\" itemprop=\"image\" height=\"182\" width=\"300\" title=\"Print\" onerror=\"this.style.display='none'\" src=\"data:image\/svg+xml;base64,PHN2ZyB3aWR0aD0iMSIgaGVpZ2h0PSIxIiB4bWxucz0iaHR0cDovL3d3dy53My5vcmcvMjAwMC9zdmciPjwvc3ZnPg==\" class=\"lazyload\" style=\"--smush-placeholder-width: 300px; --smush-placeholder-aspect-ratio: 300\/182;\" \/>\n\t\t\t\t<\/a>\n\t\t\t\t<a href=\"http:\/\/www.sewnproducts.com\/contact-us.html\" target=\"_self\" itemprop=\"url\" rel=\"noopener\">\n\t\t\t\t<img decoding=\"async\" data-src=\"https:\/\/www.beaverpaper.com\/wp-content\/uploads\/2022\/09\/Spec-Ahearn-1024x178.jpg\" alt=\"Spec-Ahearn\" itemprop=\"image\" height=\"178\" width=\"1024\" title=\"Spec-Ahearn\" onerror=\"this.style.display='none'\" src=\"data:image\/svg+xml;base64,PHN2ZyB3aWR0aD0iMSIgaGVpZ2h0PSIxIiB4bWxucz0iaHR0cDovL3d3dy53My5vcmcvMjAwMC9zdmciPjwvc3ZnPg==\" class=\"lazyload\" style=\"--smush-placeholder-width: 1024px; --smush-placeholder-aspect-ratio: 1024\/178;\" \/>\n\t\t\t\t<\/a>","protected":false},"excerpt":{"rendered":"<p>&nbsp; TexSewn\u2122 family of high-performance papers offers a wide range of quality solutions for your Cut &amp; Sew applications. From the design room to the cutting room, TexSewn\u2122 products allow you to optimize your process while maintaining the highest production output. Standard and custom sizes are available. Whether you&#8217;re shipping locally or overseas, we&#8217;ll keep&hellip;<\/p>","protected":false},"author":3,"featured_media":0,"parent":0,"menu_order":0,"comment_status":"closed","ping_status":"closed","template":"","meta":{"_acf_changed":false,"_coblocks_attr":"","_coblocks_dimensions":"","_coblocks_responsive_height":"","_coblocks_accordion_ie_support":"","footnotes":""},"yst_prominent_words":[],"class_list":["post-676","page","type-page","status-publish","hentry"],"acf":[],"_links":{"self":[{"href":"https:\/\/www.beaverpaper.com\/de\/wp-json\/wp\/v2\/pages\/676","targetHints":{"allow":["GET"]}}],"collection":[{"href":"https:\/\/www.beaverpaper.com\/de\/wp-json\/wp\/v2\/pages"}],"about":[{"href":"https:\/\/www.beaverpaper.com\/de\/wp-json\/wp\/v2\/types\/page"}],"author":[{"embeddable":true,"href":"https:\/\/www.beaverpaper.com\/de\/wp-json\/wp\/v2\/users\/3"}],"replies":[{"embeddable":true,"href":"https:\/\/www.beaverpaper.com\/de\/wp-json\/wp\/v2\/comments?post=676"}],"version-history":[{"count":36,"href":"https:\/\/www.beaverpaper.com\/de\/wp-json\/wp\/v2\/pages\/676\/revisions"}],"predecessor-version":[{"id":3196,"href":"https:\/\/www.beaverpaper.com\/de\/wp-json\/wp\/v2\/pages\/676\/revisions\/3196"}],"wp:attachment":[{"href":"https:\/\/www.beaverpaper.com\/de\/wp-json\/wp\/v2\/media?parent=676"}],"wp:term":[{"taxonomy":"yst_prominent_words","embeddable":true,"href":"https:\/\/www.beaverpaper.com\/de\/wp-json\/wp\/v2\/yst_prominent_words?post=676"}],"curies":[{"name":"wp","href":"https:\/\/api.w.org\/{rel}","templated":true}]}}