{"id":1454,"date":"2020-10-16T18:48:40","date_gmt":"2020-10-16T18:48:40","guid":{"rendered":"https:\/\/www.beaverpaper.com\/?page_id=1454"},"modified":"2024-06-12T15:24:13","modified_gmt":"2024-06-12T15:24:13","slug":"texstyles-silicone-edge","status":"publish","type":"page","link":"https:\/\/www.beaverpaper.com\/de\/texstyles-silicone-edge\/","title":{"rendered":"TexStyles &#8211; Silicone Edge"},"content":{"rendered":"<img decoding=\"async\" data-src=\"https:\/\/www.beaverpaper.com\/wp-content\/uploads\/2020\/11\/Backlit-90-scaled.jpg\" alt=\"\" src=\"data:image\/svg+xml;base64,PHN2ZyB3aWR0aD0iMSIgaGVpZ2h0PSIxIiB4bWxucz0iaHR0cDovL3d3dy53My5vcmcvMjAwMC9zdmciPjwvc3ZnPg==\" class=\"lazyload\" style=\"--smush-placeholder-width: 2560px; --smush-placeholder-aspect-ratio: 2560\/1594;\" \/>\t\t\t\n\t\t\t\t<p><img decoding=\"async\" data-src=\"https:\/\/www.beaverpaper.com\/wp-content\/uploads\/2020\/09\/tex-styles-logo.png\" alt=\"TexPrint Fabric\" src=\"data:image\/svg+xml;base64,PHN2ZyB3aWR0aD0iMSIgaGVpZ2h0PSIxIiB4bWxucz0iaHR0cDovL3d3dy53My5vcmcvMjAwMC9zdmciPjwvc3ZnPg==\" class=\"lazyload\" style=\"--smush-placeholder-width: 706px; --smush-placeholder-aspect-ratio: 706\/188;\" \/><\/p>\n<h4><strong>F\u00fcr Silikonkantengrafiken<\/strong><\/h4>\n<p>TexStyles\u00ae SEG-Stoffe sind eine spezielle Reihe von Geweben und Gewirken, die speziell f\u00fcr die Farbsublimationsbildgebung entwickelt wurden. Die einzigartigen Eigenschaften von TexStyles machen dies zu einer \u00fcberzeugenden Wahl f\u00fcr grafische Textilien f\u00fcr professionelle Grafik-Imager. TexStyles erf\u00fcllt die meisten Flammwidrigkeitsstandards in den USA und wurde von der ISO anerkannt und zertifiziert, um die Konsistenz und Qualit\u00e4t jedes Produkts sicherzustellen.<\/p>\n\t\t\t\t<img decoding=\"async\" data-src=\"https:\/\/www.beaverpaper.com\/wp-content\/uploads\/2020\/11\/Backlit-90-1024x638.jpg\" alt=\"Hintergrundbeleuchtung 90\" itemprop=\"image\" height=\"638\" width=\"1024\" title=\"Hintergrundbeleuchtung 90\" onerror=\"this.style.display='none'\" src=\"data:image\/svg+xml;base64,PHN2ZyB3aWR0aD0iMSIgaGVpZ2h0PSIxIiB4bWxucz0iaHR0cDovL3d3dy53My5vcmcvMjAwMC9zdmciPjwvc3ZnPg==\" class=\"lazyload\" style=\"--smush-placeholder-width: 1024px; --smush-placeholder-aspect-ratio: 1024\/638;\" \/>\n<h2>\n\t\tHintergrundbeleuchtung 90\n\t<\/h2>\n\t<p><strong>TexStyles<sup>\u00ae<\/sup> Von hinten beleuchtet<\/strong> 90 ist der EINZIGE verf\u00fcgbare Stoff seiner Art, der eine Vier-Wege-Dehnung bietet und Falten und Knicke beseitigt.<\/p>\n<ul>\n<li>100% Polyester stricken<\/li>\n<li>Lebendige Farbwiedergabe<\/li>\n<li>Stabil bei minimaler Schrumpfung<\/li>\n<li>Erf\u00fcllt NFPA 701<\/li>\n<\/ul>\n\t\t\t<a href=\"\/de\/data-sheet-form\/?url=https:\/\/www.beaverpaper.com\/download\/844\" target=\"_self\" role=\"button\" rel=\"noopener\">\n\t\t\t\t\t\t\tDatenblatt herunterladen\n\t\t\t\t\t<\/a>\n\t\t\t\t\t\tSiehe Daten\u00fcbersicht\n\t\t\t<p><strong>CONSTR.<\/strong> &#8211; Knit<\/p>\n<p><strong>GARN<\/strong> &#8211; 100% Poly<\/p>\n<p><strong>GEWICHT OZ \/ YD<sup>2<\/sup><\/strong> &#8211; 7.25<\/p>\n<p><strong>DRUCKPROZESS<\/strong> &#8211; DYE-SUB\/Transfer<\/p>\n<p><strong>ANWENDUNGEN<\/strong> &#8211; Soft Signage, Tradeshow\/Exhibition Graphics, Geometric Displays, Retail POP\/POS, Back-Lit, Wall Murals<\/p>\n\t\t\t\t<img decoding=\"async\" data-src=\"https:\/\/www.beaverpaper.com\/wp-content\/uploads\/2020\/11\/SEG.jpg\" alt=\"SEG\" itemprop=\"image\" height=\"1333\" width=\"2000\" title=\"SEG\" onerror=\"this.style.display='none'\" src=\"data:image\/svg+xml;base64,PHN2ZyB3aWR0aD0iMSIgaGVpZ2h0PSIxIiB4bWxucz0iaHR0cDovL3d3dy53My5vcmcvMjAwMC9zdmciPjwvc3ZnPg==\" class=\"lazyload\" style=\"--smush-placeholder-width: 2000px; --smush-placeholder-aspect-ratio: 2000\/1333;\" \/>\n<h2>\n\t\tSEG\n\t<\/h2>\n\t<p><strong>SEG ist ein gestricktes Polyestergewebe, das sich hervorragend f\u00fcr flache oder konturierte Strukturen, dekorative Akzente, Beschilderungen und Wandbilder eignet.<\/strong><\/p>\n<ul>\n<li>100% Polyester stricken<\/li>\n<li>Lebendige Farbwiedergabe<\/li>\n<li>Sehr stabil bei minimaler Schrumpfung<\/li>\n<li>Erf\u00fcllt die Anforderungen von NFPA 701, CA 19<\/li>\n<\/ul>\n\t\t\t<a href=\"\/de\/data-sheet-form\/?url=https:\/\/www.beaverpaper.com\/download\/867\" target=\"_self\" role=\"button\" rel=\"noopener\">\n\t\t\t\t\t\t\tDatenblatt herunterladen\n\t\t\t\t\t<\/a>\n\t\t\t\t\t\tSiehe Daten\u00fcbersicht\n\t\t\t<p><strong>CONSTR.<\/strong> &#8211; Knit<\/p>\n<p><strong>GARN<\/strong> &#8211; 100% Poly<\/p>\n<p><strong>GEWICHT OZ \/ YD<sup>2<\/sup><\/strong> &#8211; 8.5<\/p>\n<p><strong>DRUCKPROZESS<\/strong> &#8211; DYE-SUB\/Transfer<\/p>\n<p><strong>ANWENDUNGEN<\/strong> &#8211; Soft Signage, Tradeshow\/Exhibition Graphics, Geometric Displays, Retail POP\/POS, Table Covers, Wall Murals<\/p>\n\t\t\t\t<img decoding=\"async\" data-src=\"https:\/\/www.beaverpaper.com\/wp-content\/uploads\/2020\/11\/Absolute.jpeg\" alt=\"Leeres kreatives Messestanddesign mit Farbformen. Standvorlage. Unternehmensmarken und Corporate Identity. 3d rendern\" itemprop=\"image\" height=\"1500\" width=\"2000\" title=\"Leeres kreatives Messestanddesign mit Farbformen. Standvorlage.\" onerror=\"this.style.display='none'\" src=\"data:image\/svg+xml;base64,PHN2ZyB3aWR0aD0iMSIgaGVpZ2h0PSIxIiB4bWxucz0iaHR0cDovL3d3dy53My5vcmcvMjAwMC9zdmciPjwvc3ZnPg==\" class=\"lazyload\" style=\"--smush-placeholder-width: 2000px; --smush-placeholder-aspect-ratio: 2000\/1500;\" \/>\n<h2>\n\t\tAbsoluter \/ Absoluter DTF\n\t<\/h2>\n\t<p>TexStyles Absolute ist ein Polyestergewebe, das sich perfekt f\u00fcr digitale Bildgebung, Soft Signage und POS \/ POP-Displays im Einzelhandel eignet. Absolute Fabric ist auch in Direct-to-Fabric erh\u00e4ltlich.<\/p>\n<ul>\n<li>Faltenbest\u00e4ndig<\/li>\n<li>Au\u00dfergew\u00f6hnliches Wei\u00df<\/li>\n<li>Lebendige Farbwiedergabe<\/li>\n<li>Erf\u00fcllt die Anforderungen von NFPA 701 und CA<\/li>\n<\/ul>\n\t\t\t<a href=\"\/de\/data-sheet-form\/?url=https:\/\/www.beaverpaper.com\/download\/829\" target=\"_self\" role=\"button\" rel=\"noopener\">\n\t\t\t\t\t\t\tDatenblatt herunterladen\n\t\t\t\t\t<\/a>\n\t\t\t\t\t\tSiehe Daten\u00fcbersicht\n\t\t\t<p><strong>CONSTR.<\/strong> &#8211; Knit<\/p>\n<p><strong>GARN<\/strong> &#8211; 100% Poly<\/p>\n<p><strong>GEWICHT OZ \/ YD<sup>2<\/sup><\/strong> &#8211; 6.8<\/p>\n<p><strong>DRUCKPROZESS<\/strong> &#8211; DYE-SUB: Transfer-Direct<\/p>\n<p><strong>ANWENDUNGEN<\/strong> &#8211; Soft Signage, Tradeshow\/Exhibition Graphics, Banners, Retail POP\/POS, Table Covers<\/p>\n\t\t\t\t<img decoding=\"async\" data-src=\"https:\/\/www.beaverpaper.com\/wp-content\/uploads\/2020\/11\/Pinnacle-1.jpg\" alt=\"neuer Hintergrund_34243\" itemprop=\"image\" height=\"1380\" width=\"2000\" title=\"neuer Hintergrund_34243\" onerror=\"this.style.display='none'\" src=\"data:image\/svg+xml;base64,PHN2ZyB3aWR0aD0iMSIgaGVpZ2h0PSIxIiB4bWxucz0iaHR0cDovL3d3dy53My5vcmcvMjAwMC9zdmciPjwvc3ZnPg==\" class=\"lazyload\" style=\"--smush-placeholder-width: 2000px; --smush-placeholder-aspect-ratio: 2000\/1380;\" \/>\n<h2>\n\t\tPinnacle &#038; Pinnacle DTF\n\t<\/h2>\n\t<p>TexStyles Pinnacle Sublimationsgewebe besteht aus 100% Polyester und ist als Direct-to-Fabric-Option erh\u00e4ltlich. Seine faltenfesten Eigenschaften machen es zu einem gro\u00dfartigen Sublimationsmedium f\u00fcr SEG-Rahmen, Innendekorationen, Ausstellungsgrafiken und Spezialanwendungen. Pinnacle-Stoff ist auch in Direct-to-Fabric erh\u00e4ltlich.<\/p>\n<ul>\n<li>Faltenbest\u00e4ndig<\/li>\n<li>Au\u00dfergew\u00f6hnliches Wei\u00df<\/li>\n<li>Lebendige Farbwiedergabe<\/li>\n<li>Erf\u00fcllt die Anforderungen von NFPA 701 und CA<\/li>\n<\/ul>\n\t\t\t<a href=\"\/wp-content\/uploads\/dlm_uploads\/2023\/02\/TexStyles-Pinnacle-DTF_Transfer_12-13-22-1.pdf\" target=\"_self\" role=\"button\" rel=\"noopener\">\n\t\t\t\t\t\t\tDatenblatt herunterladen\n\t\t\t\t\t<\/a>\n\t\t\t\t\t\tSiehe Daten\u00fcbersicht\n\t\t\t<p><strong>GARN<\/strong> &#8211; 100% Poly<\/p>\n<p><strong>GEWICHT OZ \/ YD<sup>2<\/sup><\/strong> &#8211; 5.8<\/p>\n<p><strong>DRUCKPROZESS<\/strong> &#8211; Dye-Sub: Transfer &#8211; Direct<\/p>\n<p><strong>ANWENDUNGEN<\/strong> &#8211; Soft Signage, Tradeshow\/Exhibition Graphics, Retail POP\/POS, Table Covers<\/p>","protected":false},"excerpt":{"rendered":"<p>For Silicone Edge Graphics TexStyles\u00ae SEG fabrics are a specialized range of woven and knit fabrics, engineered specifically for dye sublimation imaging. TexStyles unique characteristics combine to make this a compelling graphic textile choice for professional graphic imagers. TexStyles meets most flame resistance standards across the U.S. and have been ISO recognized and certified to&hellip;<\/p>","protected":false},"author":3,"featured_media":0,"parent":0,"menu_order":0,"comment_status":"closed","ping_status":"closed","template":"","meta":{"_acf_changed":false,"_coblocks_attr":"","_coblocks_dimensions":"","_coblocks_responsive_height":"","_coblocks_accordion_ie_support":"","footnotes":""},"yst_prominent_words":[],"class_list":["post-1454","page","type-page","status-publish","hentry"],"acf":[],"_links":{"self":[{"href":"https:\/\/www.beaverpaper.com\/de\/wp-json\/wp\/v2\/pages\/1454","targetHints":{"allow":["GET"]}}],"collection":[{"href":"https:\/\/www.beaverpaper.com\/de\/wp-json\/wp\/v2\/pages"}],"about":[{"href":"https:\/\/www.beaverpaper.com\/de\/wp-json\/wp\/v2\/types\/page"}],"author":[{"embeddable":true,"href":"https:\/\/www.beaverpaper.com\/de\/wp-json\/wp\/v2\/users\/3"}],"replies":[{"embeddable":true,"href":"https:\/\/www.beaverpaper.com\/de\/wp-json\/wp\/v2\/comments?post=1454"}],"version-history":[{"count":15,"href":"https:\/\/www.beaverpaper.com\/de\/wp-json\/wp\/v2\/pages\/1454\/revisions"}],"predecessor-version":[{"id":3001,"href":"https:\/\/www.beaverpaper.com\/de\/wp-json\/wp\/v2\/pages\/1454\/revisions\/3001"}],"wp:attachment":[{"href":"https:\/\/www.beaverpaper.com\/de\/wp-json\/wp\/v2\/media?parent=1454"}],"wp:term":[{"taxonomy":"yst_prominent_words","embeddable":true,"href":"https:\/\/www.beaverpaper.com\/de\/wp-json\/wp\/v2\/yst_prominent_words?post=1454"}],"curies":[{"name":"wp","href":"https:\/\/api.w.org\/{rel}","templated":true}]}}